{"id":212491,"date":"2026-03-04T02:36:13","date_gmt":"2026-03-04T01:36:13","guid":{"rendered":"https:\/\/grupotextil.es\/producto\/taza-termica-stamina-bany-1518\/"},"modified":"2026-03-04T06:14:55","modified_gmt":"2026-03-04T05:14:55","slug":"taza-termica-stamina-bany-1518","status":"publish","type":"product","link":"https:\/\/grupotextil.es\/ca\/product\/taza-termica-stamina-bany-1518\/","title":{"rendered":"Taza T\u00e9rmica Stamina Bany 1518"},"content":{"rendered":"<p>Taza t\u00e9rmica de acero inoxidable 304 de doble pared y capacidad de 300 ml. Con cuerpo cil\u00edndrico m\u00e1s amplio en la superficie y su asa redondeada, es una opci\u00f3n c\u00f3moda y pr\u00e1ctica para tomar tus bebidas favoritas a la temperatura ideal, ya que gracias a su composici\u00f3n y doble pared se mantienen a su temperatura durante m\u00e1s tiempo.<\/p>","protected":false},"excerpt":{"rendered":"<p>Taza t\u00e9rmica de acero inoxidable 304 de doble pared y capacidad de 300 ml. Con cuerpo cil\u00edndrico m\u00e1s amplio en la superficie y su asa redondeada, es una opci\u00f3n c\u00f3moda y pr\u00e1ctica para tomar tus bebidas favoritas a la temperatura ideal, ya que gracias a su composici\u00f3n y doble pared se mantienen a su temperatura durante m\u00e1s tiempo.<\/p>","protected":false},"featured_media":212492,"comment_status":"open","ping_status":"closed","template":"","meta":{"_acf_changed":false},"product_brand":[14012],"product_cat":[14006,13971],"product_tag":[],"class_list":{"0":"post-212491","1":"product","2":"type-product","3":"status-publish","4":"has-post-thumbnail","6":"product_brand-stamina","7":"product_cat-acc-merchandising","8":"product_cat-mr-tazas","9":"tm-no-options","11":"first","12":"instock","13":"taxable","14":"shipping-taxable","15":"product-type-variable"},"acf":[],"_links":{"self":[{"href":"https:\/\/grupotextil.es\/ca\/wp-json\/wp\/v2\/product\/212491","targetHints":{"allow":["GET"]}}],"collection":[{"href":"https:\/\/grupotextil.es\/ca\/wp-json\/wp\/v2\/product"}],"about":[{"href":"https:\/\/grupotextil.es\/ca\/wp-json\/wp\/v2\/types\/product"}],"replies":[{"embeddable":true,"href":"https:\/\/grupotextil.es\/ca\/wp-json\/wp\/v2\/comments?post=212491"}],"wp:featuredmedia":[{"embeddable":true,"href":"https:\/\/grupotextil.es\/ca\/wp-json\/wp\/v2\/media\/212492"}],"wp:attachment":[{"href":"https:\/\/grupotextil.es\/ca\/wp-json\/wp\/v2\/media?parent=212491"}],"wp:term":[{"taxonomy":"product_brand","embeddable":true,"href":"https:\/\/grupotextil.es\/ca\/wp-json\/wp\/v2\/product_brand?post=212491"},{"taxonomy":"product_cat","embeddable":true,"href":"https:\/\/grupotextil.es\/ca\/wp-json\/wp\/v2\/product_cat?post=212491"},{"taxonomy":"product_tag","embeddable":true,"href":"https:\/\/grupotextil.es\/ca\/wp-json\/wp\/v2\/product_tag?post=212491"}],"curies":[{"name":"wp","href":"https:\/\/api.w.org\/{rel}","templated":true}]}}