{"id":212521,"date":"2026-03-04T02:36:44","date_gmt":"2026-03-04T01:36:44","guid":{"rendered":"https:\/\/grupotextil.es\/producto\/set-jardineria-stamina-crocus-1684\/"},"modified":"2026-03-04T06:14:56","modified_gmt":"2026-03-04T05:14:56","slug":"set-jardineria-stamina-crocus-1684","status":"publish","type":"product","link":"https:\/\/grupotextil.es\/ca\/product\/set-jardineria-stamina-crocus-1684\/","title":{"rendered":"Set Jardiner\u00eda Stamina Crocus 1684"},"content":{"rendered":"<p>Set de jardiner\u00eda con 3 accesorios realizados en acero inoxidable y mango en bamb\u00fa. Incluye pala trasplantadora grande, pala trasplantadora peque\u00f1a y rastrillo. Incluye funda de algod\u00f3n.<\/p>","protected":false},"excerpt":{"rendered":"<p>Set de jardiner\u00eda con 3 accesorios realizados en acero inoxidable y mango en bamb\u00fa. Incluye pala trasplantadora grande, pala trasplantadora peque\u00f1a y rastrillo. Incluye funda de algod\u00f3n.<\/p>","protected":false},"featured_media":212522,"comment_status":"open","ping_status":"closed","template":"","meta":{"_acf_changed":false},"product_brand":[14012],"product_cat":[9841],"product_tag":[],"class_list":{"0":"post-212521","1":"product","2":"type-product","3":"status-publish","4":"has-post-thumbnail","6":"product_brand-stamina","7":"product_cat-sostenible","8":"tm-no-options","10":"first","11":"instock","12":"taxable","13":"shipping-taxable","14":"product-type-variable"},"acf":[],"_links":{"self":[{"href":"https:\/\/grupotextil.es\/ca\/wp-json\/wp\/v2\/product\/212521","targetHints":{"allow":["GET"]}}],"collection":[{"href":"https:\/\/grupotextil.es\/ca\/wp-json\/wp\/v2\/product"}],"about":[{"href":"https:\/\/grupotextil.es\/ca\/wp-json\/wp\/v2\/types\/product"}],"replies":[{"embeddable":true,"href":"https:\/\/grupotextil.es\/ca\/wp-json\/wp\/v2\/comments?post=212521"}],"wp:featuredmedia":[{"embeddable":true,"href":"https:\/\/grupotextil.es\/ca\/wp-json\/wp\/v2\/media\/212522"}],"wp:attachment":[{"href":"https:\/\/grupotextil.es\/ca\/wp-json\/wp\/v2\/media?parent=212521"}],"wp:term":[{"taxonomy":"product_brand","embeddable":true,"href":"https:\/\/grupotextil.es\/ca\/wp-json\/wp\/v2\/product_brand?post=212521"},{"taxonomy":"product_cat","embeddable":true,"href":"https:\/\/grupotextil.es\/ca\/wp-json\/wp\/v2\/product_cat?post=212521"},{"taxonomy":"product_tag","embeddable":true,"href":"https:\/\/grupotextil.es\/ca\/wp-json\/wp\/v2\/product_tag?post=212521"}],"curies":[{"name":"wp","href":"https:\/\/api.w.org\/{rel}","templated":true}]}}