{"id":212624,"date":"2026-03-04T02:38:25","date_gmt":"2026-03-04T01:38:25","guid":{"rendered":"https:\/\/grupotextil.es\/producto\/libreta-a5-stamina-ranic-1625\/"},"modified":"2026-03-04T06:14:57","modified_gmt":"2026-03-04T05:14:57","slug":"libreta-a5-stamina-ranic-1625","status":"publish","type":"product","link":"https:\/\/grupotextil.es\/ca\/product\/libreta-a5-stamina-ranic-1625\/","title":{"rendered":"Libreta A5 Stamina Ranic 1625"},"content":{"rendered":"<p>Libreta A5 realizada en cart\u00f3n reciclado de briks de leche. Tapa r\u00edgida. 70 hojas lisas realizadas en papel de briks de leche. Presentaci\u00f3n en funda de cart\u00f3n con dise\u00f1o eco.<\/p>","protected":false},"excerpt":{"rendered":"<p>Libreta A5 realizada en cart\u00f3n reciclado de briks de leche. Tapa r\u00edgida. 70 hojas lisas realizadas en papel de briks de leche. Presentaci\u00f3n en funda de cart\u00f3n con dise\u00f1o eco.<\/p>","protected":false},"featured_media":212625,"comment_status":"open","ping_status":"closed","template":"","meta":{"_acf_changed":false},"product_brand":[14012],"product_cat":[14006,13972],"product_tag":[],"class_list":{"0":"post-212624","1":"product","2":"type-product","3":"status-publish","4":"has-post-thumbnail","6":"product_brand-stamina","7":"product_cat-acc-merchandising","8":"product_cat-oficina-y-escritura","9":"tm-no-options","11":"first","12":"instock","13":"taxable","14":"shipping-taxable","15":"product-type-variable"},"acf":[],"_links":{"self":[{"href":"https:\/\/grupotextil.es\/ca\/wp-json\/wp\/v2\/product\/212624","targetHints":{"allow":["GET"]}}],"collection":[{"href":"https:\/\/grupotextil.es\/ca\/wp-json\/wp\/v2\/product"}],"about":[{"href":"https:\/\/grupotextil.es\/ca\/wp-json\/wp\/v2\/types\/product"}],"replies":[{"embeddable":true,"href":"https:\/\/grupotextil.es\/ca\/wp-json\/wp\/v2\/comments?post=212624"}],"wp:featuredmedia":[{"embeddable":true,"href":"https:\/\/grupotextil.es\/ca\/wp-json\/wp\/v2\/media\/212625"}],"wp:attachment":[{"href":"https:\/\/grupotextil.es\/ca\/wp-json\/wp\/v2\/media?parent=212624"}],"wp:term":[{"taxonomy":"product_brand","embeddable":true,"href":"https:\/\/grupotextil.es\/ca\/wp-json\/wp\/v2\/product_brand?post=212624"},{"taxonomy":"product_cat","embeddable":true,"href":"https:\/\/grupotextil.es\/ca\/wp-json\/wp\/v2\/product_cat?post=212624"},{"taxonomy":"product_tag","embeddable":true,"href":"https:\/\/grupotextil.es\/ca\/wp-json\/wp\/v2\/product_tag?post=212624"}],"curies":[{"name":"wp","href":"https:\/\/api.w.org\/{rel}","templated":true}]}}