{"id":212721,"date":"2026-03-04T02:40:03","date_gmt":"2026-03-04T01:40:03","guid":{"rendered":"https:\/\/grupotextil.es\/producto\/neceser-stamina-alpis-1742\/"},"modified":"2026-03-04T23:53:27","modified_gmt":"2026-03-04T22:53:27","slug":"neceser-stamina-alpis-1742","status":"publish","type":"product","link":"https:\/\/grupotextil.es\/ca\/product\/neceser-stamina-alpis-1742\/","title":{"rendered":"Neceser Stamina Alpis 1742"},"content":{"rendered":"<p>Neceser realizado en 600D RPET con dise\u00f1o jaspeado y cierre de cremallera. Con pr\u00e1ctica asa de transporte en color a juego. Una opci\u00f3n pr\u00e1ctica y c\u00f3moda para almacenar y transportar tus enseres de cuidado personal.<\/p>","protected":false},"excerpt":{"rendered":"<p>Neceser realizado en 600D RPET con dise\u00f1o jaspeado y cierre de cremallera. Con pr\u00e1ctica asa de transporte en color a juego. Una opci\u00f3n pr\u00e1ctica y c\u00f3moda para almacenar y transportar tus enseres de cuidado personal.<\/p>","protected":false},"featured_media":212722,"comment_status":"open","ping_status":"closed","template":"","meta":{"_acf_changed":false},"product_brand":[14012],"product_cat":[13948],"product_tag":[],"class_list":{"0":"post-212721","1":"product","2":"type-product","3":"status-publish","4":"has-post-thumbnail","6":"product_brand-stamina","7":"product_cat-accesorios","8":"tm-no-options","10":"first","11":"instock","12":"featured","13":"taxable","14":"shipping-taxable","15":"product-type-variable"},"acf":[],"_links":{"self":[{"href":"https:\/\/grupotextil.es\/ca\/wp-json\/wp\/v2\/product\/212721","targetHints":{"allow":["GET"]}}],"collection":[{"href":"https:\/\/grupotextil.es\/ca\/wp-json\/wp\/v2\/product"}],"about":[{"href":"https:\/\/grupotextil.es\/ca\/wp-json\/wp\/v2\/types\/product"}],"replies":[{"embeddable":true,"href":"https:\/\/grupotextil.es\/ca\/wp-json\/wp\/v2\/comments?post=212721"}],"wp:featuredmedia":[{"embeddable":true,"href":"https:\/\/grupotextil.es\/ca\/wp-json\/wp\/v2\/media\/212722"}],"wp:attachment":[{"href":"https:\/\/grupotextil.es\/ca\/wp-json\/wp\/v2\/media?parent=212721"}],"wp:term":[{"taxonomy":"product_brand","embeddable":true,"href":"https:\/\/grupotextil.es\/ca\/wp-json\/wp\/v2\/product_brand?post=212721"},{"taxonomy":"product_cat","embeddable":true,"href":"https:\/\/grupotextil.es\/ca\/wp-json\/wp\/v2\/product_cat?post=212721"},{"taxonomy":"product_tag","embeddable":true,"href":"https:\/\/grupotextil.es\/ca\/wp-json\/wp\/v2\/product_tag?post=212721"}],"curies":[{"name":"wp","href":"https:\/\/api.w.org\/{rel}","templated":true}]}}