{"id":212735,"date":"2026-03-04T02:40:21","date_gmt":"2026-03-04T01:40:21","guid":{"rendered":"https:\/\/grupotextil.es\/producto\/bateria-externa-stamina-biper-1712\/"},"modified":"2026-03-04T06:14:57","modified_gmt":"2026-03-04T05:14:57","slug":"bateria-externa-stamina-biper-1712","status":"publish","type":"product","link":"https:\/\/grupotextil.es\/ca\/product\/bateria-externa-stamina-biper-1712\/","title":{"rendered":"Bater\u00eda Externa Stamina Biper 1712"},"content":{"rendered":"<p>Bater\u00eda externa de 5000 mAh realizada en ABS reciclado. Cuenta con funci\u00f3n linterna en uno de los extremos y cable tipo C extensible incorporado. Puerto Tipo C de entrada y salida. Con indicador luminoso de porcentaje de bater\u00eda y protector externo antica\u00eddas<\/p>","protected":false},"excerpt":{"rendered":"<p>Bater\u00eda externa de 5000 mAh realizada en ABS reciclado. Cuenta con funci\u00f3n linterna en uno de los extremos y cable tipo C extensible incorporado. Puerto Tipo C de entrada y salida. Con indicador luminoso de porcentaje de bater\u00eda y protector externo antica\u00eddas<\/p>","protected":false},"featured_media":212736,"comment_status":"open","ping_status":"closed","template":"","meta":{"_acf_changed":false},"product_brand":[14012],"product_cat":[14006,13959],"product_tag":[],"class_list":{"0":"post-212735","1":"product","2":"type-product","3":"status-publish","4":"has-post-thumbnail","6":"product_brand-stamina","7":"product_cat-acc-merchandising","8":"product_cat-mr-tecnologia","9":"tm-no-options","11":"first","12":"instock","13":"taxable","14":"shipping-taxable","15":"product-type-variable"},"acf":[],"_links":{"self":[{"href":"https:\/\/grupotextil.es\/ca\/wp-json\/wp\/v2\/product\/212735","targetHints":{"allow":["GET"]}}],"collection":[{"href":"https:\/\/grupotextil.es\/ca\/wp-json\/wp\/v2\/product"}],"about":[{"href":"https:\/\/grupotextil.es\/ca\/wp-json\/wp\/v2\/types\/product"}],"replies":[{"embeddable":true,"href":"https:\/\/grupotextil.es\/ca\/wp-json\/wp\/v2\/comments?post=212735"}],"wp:featuredmedia":[{"embeddable":true,"href":"https:\/\/grupotextil.es\/ca\/wp-json\/wp\/v2\/media\/212736"}],"wp:attachment":[{"href":"https:\/\/grupotextil.es\/ca\/wp-json\/wp\/v2\/media?parent=212735"}],"wp:term":[{"taxonomy":"product_brand","embeddable":true,"href":"https:\/\/grupotextil.es\/ca\/wp-json\/wp\/v2\/product_brand?post=212735"},{"taxonomy":"product_cat","embeddable":true,"href":"https:\/\/grupotextil.es\/ca\/wp-json\/wp\/v2\/product_cat?post=212735"},{"taxonomy":"product_tag","embeddable":true,"href":"https:\/\/grupotextil.es\/ca\/wp-json\/wp\/v2\/product_tag?post=212735"}],"curies":[{"name":"wp","href":"https:\/\/api.w.org\/{rel}","templated":true}]}}