{"id":212780,"date":"2026-03-04T02:41:15","date_gmt":"2026-03-04T01:41:15","guid":{"rendered":"https:\/\/grupotextil.es\/producto\/trofeo-de-cristal-stamina-navis-1707\/"},"modified":"2026-03-04T06:14:58","modified_gmt":"2026-03-04T05:14:58","slug":"trofeo-de-cristal-stamina-navis-1707","status":"publish","type":"product","link":"https:\/\/grupotextil.es\/ca\/product\/trofeo-de-cristal-stamina-navis-1707\/","title":{"rendered":"Trofeo De Cristal Stamina Navis 1707"},"content":{"rendered":"<p>Trofeo de cristal de dise\u00f1o n\u00e1utico con base de bamb\u00fa. Incluye estuche de presentaci\u00f3n en dise\u00f1o kraft.<\/p>","protected":false},"excerpt":{"rendered":"<p>Trofeo de cristal de dise\u00f1o n\u00e1utico con base de bamb\u00fa. Incluye estuche de presentaci\u00f3n en dise\u00f1o kraft.<\/p>","protected":false},"featured_media":212781,"comment_status":"open","ping_status":"closed","template":"","meta":{"_acf_changed":false},"product_brand":[14012],"product_cat":[14006,13959],"product_tag":[],"class_list":{"0":"post-212780","1":"product","2":"type-product","3":"status-publish","4":"has-post-thumbnail","6":"product_brand-stamina","7":"product_cat-acc-merchandising","8":"product_cat-mr-tecnologia","9":"tm-no-options","11":"first","12":"instock","13":"taxable","14":"shipping-taxable","15":"product-type-variable"},"acf":[],"_links":{"self":[{"href":"https:\/\/grupotextil.es\/ca\/wp-json\/wp\/v2\/product\/212780","targetHints":{"allow":["GET"]}}],"collection":[{"href":"https:\/\/grupotextil.es\/ca\/wp-json\/wp\/v2\/product"}],"about":[{"href":"https:\/\/grupotextil.es\/ca\/wp-json\/wp\/v2\/types\/product"}],"replies":[{"embeddable":true,"href":"https:\/\/grupotextil.es\/ca\/wp-json\/wp\/v2\/comments?post=212780"}],"wp:featuredmedia":[{"embeddable":true,"href":"https:\/\/grupotextil.es\/ca\/wp-json\/wp\/v2\/media\/212781"}],"wp:attachment":[{"href":"https:\/\/grupotextil.es\/ca\/wp-json\/wp\/v2\/media?parent=212780"}],"wp:term":[{"taxonomy":"product_brand","embeddable":true,"href":"https:\/\/grupotextil.es\/ca\/wp-json\/wp\/v2\/product_brand?post=212780"},{"taxonomy":"product_cat","embeddable":true,"href":"https:\/\/grupotextil.es\/ca\/wp-json\/wp\/v2\/product_cat?post=212780"},{"taxonomy":"product_tag","embeddable":true,"href":"https:\/\/grupotextil.es\/ca\/wp-json\/wp\/v2\/product_tag?post=212780"}],"curies":[{"name":"wp","href":"https:\/\/api.w.org\/{rel}","templated":true}]}}