{"id":212935,"date":"2026-03-04T02:44:10","date_gmt":"2026-03-04T01:44:10","guid":{"rendered":"https:\/\/grupotextil.es\/producto\/lampara-para-botellas-stamina-tomson-1747\/"},"modified":"2026-03-04T06:15:00","modified_gmt":"2026-03-04T05:15:00","slug":"lampara-para-botellas-stamina-tomson-1747","status":"publish","type":"product","link":"https:\/\/grupotextil.es\/ca\/product\/lampara-para-botellas-stamina-tomson-1747\/","title":{"rendered":"L\u00e1mpara Para Botellas Stamina Tomson 1747"},"content":{"rendered":"<p>L\u00e1mpara para botellas con 3 modos de luz led: blanca, neutra y c\u00e1lida. 800 mAh. Sistema de regulaci\u00f3n t\u00e1ctil. Incluye cable tipo C.<\/p>","protected":false},"excerpt":{"rendered":"<p>L\u00e1mpara para botellas con 3 modos de luz led: blanca, neutra y c\u00e1lida. 800 mAh. Sistema de regulaci\u00f3n t\u00e1ctil. Incluye cable tipo C.<\/p>","protected":false},"featured_media":212936,"comment_status":"open","ping_status":"closed","template":"","meta":{"_acf_changed":false},"product_brand":[14012],"product_cat":[14006,13959],"product_tag":[],"class_list":{"0":"post-212935","1":"product","2":"type-product","3":"status-publish","4":"has-post-thumbnail","6":"product_brand-stamina","7":"product_cat-acc-merchandising","8":"product_cat-mr-tecnologia","9":"tm-no-options","11":"first","12":"instock","13":"taxable","14":"shipping-taxable","15":"product-type-variable"},"acf":[],"_links":{"self":[{"href":"https:\/\/grupotextil.es\/ca\/wp-json\/wp\/v2\/product\/212935","targetHints":{"allow":["GET"]}}],"collection":[{"href":"https:\/\/grupotextil.es\/ca\/wp-json\/wp\/v2\/product"}],"about":[{"href":"https:\/\/grupotextil.es\/ca\/wp-json\/wp\/v2\/types\/product"}],"replies":[{"embeddable":true,"href":"https:\/\/grupotextil.es\/ca\/wp-json\/wp\/v2\/comments?post=212935"}],"wp:featuredmedia":[{"embeddable":true,"href":"https:\/\/grupotextil.es\/ca\/wp-json\/wp\/v2\/media\/212936"}],"wp:attachment":[{"href":"https:\/\/grupotextil.es\/ca\/wp-json\/wp\/v2\/media?parent=212935"}],"wp:term":[{"taxonomy":"product_brand","embeddable":true,"href":"https:\/\/grupotextil.es\/ca\/wp-json\/wp\/v2\/product_brand?post=212935"},{"taxonomy":"product_cat","embeddable":true,"href":"https:\/\/grupotextil.es\/ca\/wp-json\/wp\/v2\/product_cat?post=212935"},{"taxonomy":"product_tag","embeddable":true,"href":"https:\/\/grupotextil.es\/ca\/wp-json\/wp\/v2\/product_tag?post=212935"}],"curies":[{"name":"wp","href":"https:\/\/api.w.org\/{rel}","templated":true}]}}