{"id":213058,"date":"2026-03-04T02:46:18","date_gmt":"2026-03-04T01:46:18","guid":{"rendered":"https:\/\/grupotextil.es\/producto\/bolsa-con-fuelle-stamina-kato-1690\/"},"modified":"2026-03-04T06:15:01","modified_gmt":"2026-03-04T05:15:01","slug":"bolsa-con-fuelle-stamina-kato-1690","status":"publish","type":"product","link":"https:\/\/grupotextil.es\/ca\/product\/bolsa-con-fuelle-stamina-kato-1690\/","title":{"rendered":"Bolsa Con Fuelle Stamina Kato 1690"},"content":{"rendered":"<p>Pr\u00e1ctica bolsa 100% algod\u00f3n a color con fuelle en base y laterales para hacerla m\u00e1s vol\u00e1til y adaptable. Cuenta con asas de 70cm para optimizar su transporte.<\/p>","protected":false},"excerpt":{"rendered":"<p>Pr\u00e1ctica bolsa 100% algod\u00f3n a color con fuelle en base y laterales para hacerla m\u00e1s vol\u00e1til y adaptable. Cuenta con asas de 70cm para optimizar su transporte.<\/p>","protected":false},"featured_media":213059,"comment_status":"open","ping_status":"closed","template":"","meta":{"_acf_changed":false},"product_brand":[14012],"product_cat":[13954],"product_tag":[],"class_list":{"0":"post-213058","1":"product","2":"type-product","3":"status-publish","4":"has-post-thumbnail","6":"product_brand-stamina","7":"product_cat-acc-bolsas-y-mochilas","8":"tm-no-options","10":"first","11":"instock","12":"taxable","13":"shipping-taxable","14":"product-type-variable"},"acf":[],"_links":{"self":[{"href":"https:\/\/grupotextil.es\/ca\/wp-json\/wp\/v2\/product\/213058","targetHints":{"allow":["GET"]}}],"collection":[{"href":"https:\/\/grupotextil.es\/ca\/wp-json\/wp\/v2\/product"}],"about":[{"href":"https:\/\/grupotextil.es\/ca\/wp-json\/wp\/v2\/types\/product"}],"replies":[{"embeddable":true,"href":"https:\/\/grupotextil.es\/ca\/wp-json\/wp\/v2\/comments?post=213058"}],"wp:featuredmedia":[{"embeddable":true,"href":"https:\/\/grupotextil.es\/ca\/wp-json\/wp\/v2\/media\/213059"}],"wp:attachment":[{"href":"https:\/\/grupotextil.es\/ca\/wp-json\/wp\/v2\/media?parent=213058"}],"wp:term":[{"taxonomy":"product_brand","embeddable":true,"href":"https:\/\/grupotextil.es\/ca\/wp-json\/wp\/v2\/product_brand?post=213058"},{"taxonomy":"product_cat","embeddable":true,"href":"https:\/\/grupotextil.es\/ca\/wp-json\/wp\/v2\/product_cat?post=213058"},{"taxonomy":"product_tag","embeddable":true,"href":"https:\/\/grupotextil.es\/ca\/wp-json\/wp\/v2\/product_tag?post=213058"}],"curies":[{"name":"wp","href":"https:\/\/api.w.org\/{rel}","templated":true}]}}