{"id":213194,"date":"2026-03-04T02:48:40","date_gmt":"2026-03-04T01:48:40","guid":{"rendered":"https:\/\/grupotextil.es\/producto\/fiambrera-stamina-briox-1789\/"},"modified":"2026-03-04T06:15:02","modified_gmt":"2026-03-04T05:15:02","slug":"fiambrera-stamina-briox-1789","status":"publish","type":"product","link":"https:\/\/grupotextil.es\/ca\/product\/fiambrera-stamina-briox-1789\/","title":{"rendered":"Fiambrera Stamina Briox 1789"},"content":{"rendered":"<p>Fiambrera con cuerpo de PP y tapa realizada en bamb\u00fa con cierre de seguridad. Con capacidad de 1L. Cuenta con un dise\u00f1o sofisticado, que te permitir\u00e1 llevar tus alimentos en las mejores condiciones. Cuenta con una hendidura en la tapa que le otorga mayor seguridad en el cierre.<\/p>","protected":false},"excerpt":{"rendered":"<p>Fiambrera con cuerpo de PP y tapa realizada en bamb\u00fa con cierre de seguridad. Con capacidad de 1L. Cuenta con un dise\u00f1o sofisticado, que te permitir\u00e1 llevar tus alimentos en las mejores condiciones. Cuenta con una hendidura en la tapa que le otorga mayor seguridad en el cierre.<\/p>","protected":false},"featured_media":213195,"comment_status":"open","ping_status":"closed","template":"","meta":{"_acf_changed":false},"product_brand":[14012],"product_cat":[14006,13971],"product_tag":[],"class_list":{"0":"post-213194","1":"product","2":"type-product","3":"status-publish","4":"has-post-thumbnail","6":"product_brand-stamina","7":"product_cat-acc-merchandising","8":"product_cat-mr-tazas","9":"tm-no-options","11":"first","12":"instock","13":"taxable","14":"shipping-taxable","15":"product-type-variable"},"acf":[],"_links":{"self":[{"href":"https:\/\/grupotextil.es\/ca\/wp-json\/wp\/v2\/product\/213194","targetHints":{"allow":["GET"]}}],"collection":[{"href":"https:\/\/grupotextil.es\/ca\/wp-json\/wp\/v2\/product"}],"about":[{"href":"https:\/\/grupotextil.es\/ca\/wp-json\/wp\/v2\/types\/product"}],"replies":[{"embeddable":true,"href":"https:\/\/grupotextil.es\/ca\/wp-json\/wp\/v2\/comments?post=213194"}],"wp:featuredmedia":[{"embeddable":true,"href":"https:\/\/grupotextil.es\/ca\/wp-json\/wp\/v2\/media\/213195"}],"wp:attachment":[{"href":"https:\/\/grupotextil.es\/ca\/wp-json\/wp\/v2\/media?parent=213194"}],"wp:term":[{"taxonomy":"product_brand","embeddable":true,"href":"https:\/\/grupotextil.es\/ca\/wp-json\/wp\/v2\/product_brand?post=213194"},{"taxonomy":"product_cat","embeddable":true,"href":"https:\/\/grupotextil.es\/ca\/wp-json\/wp\/v2\/product_cat?post=213194"},{"taxonomy":"product_tag","embeddable":true,"href":"https:\/\/grupotextil.es\/ca\/wp-json\/wp\/v2\/product_tag?post=213194"}],"curies":[{"name":"wp","href":"https:\/\/api.w.org\/{rel}","templated":true}]}}