{"id":213356,"date":"2026-03-04T02:51:26","date_gmt":"2026-03-04T01:51:26","guid":{"rendered":"https:\/\/grupotextil.es\/producto\/bidon-stamina-takel-1724\/"},"modified":"2026-03-04T06:15:04","modified_gmt":"2026-03-04T05:15:04","slug":"bidon-stamina-takel-1724","status":"publish","type":"product","link":"https:\/\/grupotextil.es\/ca\/product\/bidon-stamina-takel-1724\/","title":{"rendered":"Bid\u00f3n Stamina Takel 1724"},"content":{"rendered":"<p>Botella con cuerpo de RPET. T Capacidad 580 ml. Con tap\u00f3n a rosca con asa de transporte y mosquet\u00f3n incorporado, facilitando su transporte. Una opci\u00f3n sostenible y respetuosa con el medioambiente a la vez que pr\u00e1ctica.<\/p>","protected":false},"excerpt":{"rendered":"<p>Botella con cuerpo de RPET. T Capacidad 580 ml. Con tap\u00f3n a rosca con asa de transporte y mosquet\u00f3n incorporado, facilitando su transporte. Una opci\u00f3n sostenible y respetuosa con el medioambiente a la vez que pr\u00e1ctica.<\/p>","protected":false},"featured_media":213357,"comment_status":"open","ping_status":"closed","template":"","meta":{"_acf_changed":false},"product_brand":[14012],"product_cat":[13958,14006,13971],"product_tag":[],"class_list":{"0":"post-213356","1":"product","2":"type-product","3":"status-publish","4":"has-post-thumbnail","6":"product_brand-stamina","7":"product_cat-mr-botellas-y-termos","8":"product_cat-acc-merchandising","9":"product_cat-mr-tazas","10":"tm-no-options","12":"first","13":"instock","14":"taxable","15":"shipping-taxable","16":"product-type-variable"},"acf":[],"_links":{"self":[{"href":"https:\/\/grupotextil.es\/ca\/wp-json\/wp\/v2\/product\/213356","targetHints":{"allow":["GET"]}}],"collection":[{"href":"https:\/\/grupotextil.es\/ca\/wp-json\/wp\/v2\/product"}],"about":[{"href":"https:\/\/grupotextil.es\/ca\/wp-json\/wp\/v2\/types\/product"}],"replies":[{"embeddable":true,"href":"https:\/\/grupotextil.es\/ca\/wp-json\/wp\/v2\/comments?post=213356"}],"wp:featuredmedia":[{"embeddable":true,"href":"https:\/\/grupotextil.es\/ca\/wp-json\/wp\/v2\/media\/213357"}],"wp:attachment":[{"href":"https:\/\/grupotextil.es\/ca\/wp-json\/wp\/v2\/media?parent=213356"}],"wp:term":[{"taxonomy":"product_brand","embeddable":true,"href":"https:\/\/grupotextil.es\/ca\/wp-json\/wp\/v2\/product_brand?post=213356"},{"taxonomy":"product_cat","embeddable":true,"href":"https:\/\/grupotextil.es\/ca\/wp-json\/wp\/v2\/product_cat?post=213356"},{"taxonomy":"product_tag","embeddable":true,"href":"https:\/\/grupotextil.es\/ca\/wp-json\/wp\/v2\/product_tag?post=213356"}],"curies":[{"name":"wp","href":"https:\/\/api.w.org\/{rel}","templated":true}]}}