{"id":213428,"date":"2026-03-04T02:52:31","date_gmt":"2026-03-04T01:52:31","guid":{"rendered":"https:\/\/grupotextil.es\/producto\/bolsa-organica-stamina-keon-1650\/"},"modified":"2026-03-04T06:15:04","modified_gmt":"2026-03-04T05:15:04","slug":"bolsa-organica-stamina-keon-1650","status":"publish","type":"product","link":"https:\/\/grupotextil.es\/ca\/product\/bolsa-organica-stamina-keon-1650\/","title":{"rendered":"Bolsa Org\u00e1nica Stamina Keon 1650"},"content":{"rendered":"<p>Bolsa 100% algod\u00f3n org\u00e1nico de 220 g\/m\u00b2 en acabado natural con asas de 70 cm una opci\u00f3n sostenible y pr\u00e1ctica para el transporte de tus enseres de la forma m\u00e1s c\u00f3moda.<\/p>","protected":false},"excerpt":{"rendered":"<p>Bolsa 100% algod\u00f3n org\u00e1nico de 220 g\/m\u00b2 en acabado natural con asas de 70 cm una opci\u00f3n sostenible y pr\u00e1ctica para el transporte de tus enseres de la forma m\u00e1s c\u00f3moda.<\/p>","protected":false},"featured_media":213429,"comment_status":"open","ping_status":"closed","template":"","meta":{"_acf_changed":false},"product_brand":[14012],"product_cat":[13948,14008,14007,9841],"product_tag":[],"class_list":{"0":"post-213428","1":"product","2":"type-product","3":"status-publish","4":"has-post-thumbnail","6":"product_brand-stamina","7":"product_cat-accesorios","8":"product_cat-accesorios-reciclados","9":"product_cat-ropa-organica","10":"product_cat-sostenible","11":"tm-no-options","13":"first","14":"instock","15":"taxable","16":"shipping-taxable","17":"product-type-variable"},"acf":[],"_links":{"self":[{"href":"https:\/\/grupotextil.es\/ca\/wp-json\/wp\/v2\/product\/213428","targetHints":{"allow":["GET"]}}],"collection":[{"href":"https:\/\/grupotextil.es\/ca\/wp-json\/wp\/v2\/product"}],"about":[{"href":"https:\/\/grupotextil.es\/ca\/wp-json\/wp\/v2\/types\/product"}],"replies":[{"embeddable":true,"href":"https:\/\/grupotextil.es\/ca\/wp-json\/wp\/v2\/comments?post=213428"}],"wp:featuredmedia":[{"embeddable":true,"href":"https:\/\/grupotextil.es\/ca\/wp-json\/wp\/v2\/media\/213429"}],"wp:attachment":[{"href":"https:\/\/grupotextil.es\/ca\/wp-json\/wp\/v2\/media?parent=213428"}],"wp:term":[{"taxonomy":"product_brand","embeddable":true,"href":"https:\/\/grupotextil.es\/ca\/wp-json\/wp\/v2\/product_brand?post=213428"},{"taxonomy":"product_cat","embeddable":true,"href":"https:\/\/grupotextil.es\/ca\/wp-json\/wp\/v2\/product_cat?post=213428"},{"taxonomy":"product_tag","embeddable":true,"href":"https:\/\/grupotextil.es\/ca\/wp-json\/wp\/v2\/product_tag?post=213428"}],"curies":[{"name":"wp","href":"https:\/\/api.w.org\/{rel}","templated":true}]}}