{"id":213452,"date":"2026-03-04T02:52:55","date_gmt":"2026-03-04T01:52:55","guid":{"rendered":"https:\/\/grupotextil.es\/producto\/organizador-de-maletero-plegable-stamina-kentin-1618\/"},"modified":"2026-03-04T06:15:05","modified_gmt":"2026-03-04T05:15:05","slug":"organizador-de-maletero-plegable-stamina-kentin-1618","status":"publish","type":"product","link":"https:\/\/grupotextil.es\/ca\/product\/organizador-de-maletero-plegable-stamina-kentin-1618\/","title":{"rendered":"Organizador De Maletero Plegable Stamina Kentin 1618"},"content":{"rendered":"<p>Organizador de maletero plegable con asas reforzadas. Realizado en poli\u00e9ster 600D. 2 compartimentos principales y bolsillo exterior. Incluye nevera extra\u00edble de 12L con interior isot\u00e9rmico.<\/p>","protected":false},"excerpt":{"rendered":"<p>Organizador de maletero plegable con asas reforzadas. Realizado en poli\u00e9ster 600D. 2 compartimentos principales y bolsillo exterior. Incluye nevera extra\u00edble de 12L con interior isot\u00e9rmico.<\/p>","protected":false},"featured_media":213453,"comment_status":"open","ping_status":"closed","template":"","meta":{"_acf_changed":false},"product_brand":[14012],"product_cat":[13948],"product_tag":[],"class_list":{"0":"post-213452","1":"product","2":"type-product","3":"status-publish","4":"has-post-thumbnail","6":"product_brand-stamina","7":"product_cat-accesorios","8":"tm-no-options","10":"first","11":"outofstock","12":"taxable","13":"shipping-taxable","14":"product-type-variable"},"acf":[],"_links":{"self":[{"href":"https:\/\/grupotextil.es\/ca\/wp-json\/wp\/v2\/product\/213452","targetHints":{"allow":["GET"]}}],"collection":[{"href":"https:\/\/grupotextil.es\/ca\/wp-json\/wp\/v2\/product"}],"about":[{"href":"https:\/\/grupotextil.es\/ca\/wp-json\/wp\/v2\/types\/product"}],"replies":[{"embeddable":true,"href":"https:\/\/grupotextil.es\/ca\/wp-json\/wp\/v2\/comments?post=213452"}],"wp:featuredmedia":[{"embeddable":true,"href":"https:\/\/grupotextil.es\/ca\/wp-json\/wp\/v2\/media\/213453"}],"wp:attachment":[{"href":"https:\/\/grupotextil.es\/ca\/wp-json\/wp\/v2\/media?parent=213452"}],"wp:term":[{"taxonomy":"product_brand","embeddable":true,"href":"https:\/\/grupotextil.es\/ca\/wp-json\/wp\/v2\/product_brand?post=213452"},{"taxonomy":"product_cat","embeddable":true,"href":"https:\/\/grupotextil.es\/ca\/wp-json\/wp\/v2\/product_cat?post=213452"},{"taxonomy":"product_tag","embeddable":true,"href":"https:\/\/grupotextil.es\/ca\/wp-json\/wp\/v2\/product_tag?post=213452"}],"curies":[{"name":"wp","href":"https:\/\/api.w.org\/{rel}","templated":true}]}}