{"id":213529,"date":"2026-03-04T02:54:00","date_gmt":"2026-03-04T01:54:00","guid":{"rendered":"https:\/\/grupotextil.es\/producto\/boligrafo-giratorio-stamina-fidget-1766\/"},"modified":"2026-03-04T06:15:05","modified_gmt":"2026-03-04T05:15:05","slug":"boligrafo-giratorio-stamina-fidget-1766","status":"publish","type":"product","link":"https:\/\/grupotextil.es\/ca\/product\/boligrafo-giratorio-stamina-fidget-1766\/","title":{"rendered":"Bol\u00edgrafo Giratorio Stamina Fidget 1766"},"content":{"rendered":"<p>Bol\u00edgrafo giratorio con spinner antiestr\u00e9s. Cuerpo elaborado en ABS y clip met\u00e1lico. C\u00f3moda empu\u00f1adura a color. Puntero t\u00e1ctil y acabado metalizado. Tinta azul.<\/p>","protected":false},"excerpt":{"rendered":"<p>Bol\u00edgrafo giratorio con spinner antiestr\u00e9s. Cuerpo elaborado en ABS y clip met\u00e1lico. C\u00f3moda empu\u00f1adura a color. Puntero t\u00e1ctil y acabado metalizado. Tinta azul.<\/p>","protected":false},"featured_media":213530,"comment_status":"open","ping_status":"closed","template":"","meta":{"_acf_changed":false},"product_brand":[14012],"product_cat":[14006,13972],"product_tag":[],"class_list":{"0":"post-213529","1":"product","2":"type-product","3":"status-publish","4":"has-post-thumbnail","6":"product_brand-stamina","7":"product_cat-acc-merchandising","8":"product_cat-oficina-y-escritura","9":"tm-no-options","11":"first","12":"instock","13":"taxable","14":"shipping-taxable","15":"product-type-variable"},"acf":[],"_links":{"self":[{"href":"https:\/\/grupotextil.es\/ca\/wp-json\/wp\/v2\/product\/213529","targetHints":{"allow":["GET"]}}],"collection":[{"href":"https:\/\/grupotextil.es\/ca\/wp-json\/wp\/v2\/product"}],"about":[{"href":"https:\/\/grupotextil.es\/ca\/wp-json\/wp\/v2\/types\/product"}],"replies":[{"embeddable":true,"href":"https:\/\/grupotextil.es\/ca\/wp-json\/wp\/v2\/comments?post=213529"}],"wp:featuredmedia":[{"embeddable":true,"href":"https:\/\/grupotextil.es\/ca\/wp-json\/wp\/v2\/media\/213530"}],"wp:attachment":[{"href":"https:\/\/grupotextil.es\/ca\/wp-json\/wp\/v2\/media?parent=213529"}],"wp:term":[{"taxonomy":"product_brand","embeddable":true,"href":"https:\/\/grupotextil.es\/ca\/wp-json\/wp\/v2\/product_brand?post=213529"},{"taxonomy":"product_cat","embeddable":true,"href":"https:\/\/grupotextil.es\/ca\/wp-json\/wp\/v2\/product_cat?post=213529"},{"taxonomy":"product_tag","embeddable":true,"href":"https:\/\/grupotextil.es\/ca\/wp-json\/wp\/v2\/product_tag?post=213529"}],"curies":[{"name":"wp","href":"https:\/\/api.w.org\/{rel}","templated":true}]}}