{"id":213565,"date":"2026-03-04T02:54:38","date_gmt":"2026-03-04T01:54:38","guid":{"rendered":"https:\/\/grupotextil.es\/producto\/bolsa-tejido-vaquero-stamina-kirk-1662\/"},"modified":"2026-03-04T06:15:06","modified_gmt":"2026-03-04T05:15:06","slug":"bolsa-tejido-vaquero-stamina-kirk-1662","status":"publish","type":"product","link":"https:\/\/grupotextil.es\/ca\/product\/bolsa-tejido-vaquero-stamina-kirk-1662\/","title":{"rendered":"Bolsa Tejido Vaquero Stamina Kirk 1662"},"content":{"rendered":"<p>Bolsa realizada en tejido vaquero reciclado con bolsillo frontal para el almacenaje y transporte de peque\u00f1os objetos con cierre de cremallera en el mismo color de la bolsa. Con asas largas de 70cm para hacer m\u00e1s c\u00f3modo su transporte.<\/p>","protected":false},"excerpt":{"rendered":"<p>Bolsa realizada en tejido vaquero reciclado con bolsillo frontal para el almacenaje y transporte de peque\u00f1os objetos con cierre de cremallera en el mismo color de la bolsa. Con asas largas de 70cm para hacer m\u00e1s c\u00f3modo su transporte.<\/p>","protected":false},"featured_media":213566,"comment_status":"open","ping_status":"closed","template":"","meta":{"_acf_changed":false},"product_brand":[14012],"product_cat":[13954],"product_tag":[],"class_list":{"0":"post-213565","1":"product","2":"type-product","3":"status-publish","4":"has-post-thumbnail","6":"product_brand-stamina","7":"product_cat-acc-bolsas-y-mochilas","8":"tm-no-options","10":"first","11":"instock","12":"taxable","13":"shipping-taxable","14":"product-type-variable"},"acf":[],"_links":{"self":[{"href":"https:\/\/grupotextil.es\/ca\/wp-json\/wp\/v2\/product\/213565","targetHints":{"allow":["GET"]}}],"collection":[{"href":"https:\/\/grupotextil.es\/ca\/wp-json\/wp\/v2\/product"}],"about":[{"href":"https:\/\/grupotextil.es\/ca\/wp-json\/wp\/v2\/types\/product"}],"replies":[{"embeddable":true,"href":"https:\/\/grupotextil.es\/ca\/wp-json\/wp\/v2\/comments?post=213565"}],"wp:featuredmedia":[{"embeddable":true,"href":"https:\/\/grupotextil.es\/ca\/wp-json\/wp\/v2\/media\/213566"}],"wp:attachment":[{"href":"https:\/\/grupotextil.es\/ca\/wp-json\/wp\/v2\/media?parent=213565"}],"wp:term":[{"taxonomy":"product_brand","embeddable":true,"href":"https:\/\/grupotextil.es\/ca\/wp-json\/wp\/v2\/product_brand?post=213565"},{"taxonomy":"product_cat","embeddable":true,"href":"https:\/\/grupotextil.es\/ca\/wp-json\/wp\/v2\/product_cat?post=213565"},{"taxonomy":"product_tag","embeddable":true,"href":"https:\/\/grupotextil.es\/ca\/wp-json\/wp\/v2\/product_tag?post=213565"}],"curies":[{"name":"wp","href":"https:\/\/api.w.org\/{rel}","templated":true}]}}