{"id":213862,"date":"2026-03-04T02:57:37","date_gmt":"2026-03-04T01:57:37","guid":{"rendered":"https:\/\/grupotextil.es\/producto\/sudadera-unisex-stanley-stella-knoxer-stsu201\/"},"modified":"2026-03-10T01:59:03","modified_gmt":"2026-03-10T00:59:03","slug":"sudadera-unisex-stanley-stella-knoxer-stsu201","status":"publish","type":"product","link":"https:\/\/grupotextil.es\/ca\/product\/sudadera-unisex-stanley-stella-knoxer-stsu201\/","title":{"rendered":"Sudadera Unisex Stanley\/Stella Knoxer STSU201"},"content":{"rendered":"<p>Mangas ragl\u00e1n Costillas 1\u00d71 en cuello, pu\u00f1os de las mangas y dobladillo inferior Costillas 1X1 con muesca en V en el cuello Paneles laterales de costillas 1\u00d71 Costura superior de doble aguja en cuello, pu\u00f1os de las mangas y dobladillo inferior Costura plana de tres agujas en la costura ragl\u00e1n, costuras de los paneles laterales y muesca en V Cinta interior del cuello en espiga Media luna de la misma tela en la nuca<\/p>","protected":false},"excerpt":{"rendered":"<p>Mangas ragl\u00e1n Costillas 1\u00d71 en cuello, pu\u00f1os de las mangas y dobladillo inferior Costillas 1X1 con muesca en V en el cuello Paneles laterales de costillas 1\u00d71 Costura superior de doble aguja en cuello, pu\u00f1os de las mangas y dobladillo inferior Costura plana de tres agujas en la costura ragl\u00e1n, costuras de los paneles laterales y muesca en V Cinta interior del cuello en espiga Media luna de la misma tela en la nuca<\/p>","protected":false},"featured_media":213863,"comment_status":"open","ping_status":"closed","template":"","meta":{"_acf_changed":false},"product_brand":[14178],"product_cat":[13975,13973,13989],"product_tag":[],"class_list":{"0":"post-213862","1":"product","2":"type-product","3":"status-publish","4":"has-post-thumbnail","6":"product_brand-stanley-stella","7":"product_cat-ropa-mujer","8":"product_cat-ropa","9":"product_cat-m-sudaderas","10":"tm-no-options","12":"first","13":"instock","14":"taxable","15":"shipping-taxable","16":"product-type-variable"},"acf":[],"_links":{"self":[{"href":"https:\/\/grupotextil.es\/ca\/wp-json\/wp\/v2\/product\/213862","targetHints":{"allow":["GET"]}}],"collection":[{"href":"https:\/\/grupotextil.es\/ca\/wp-json\/wp\/v2\/product"}],"about":[{"href":"https:\/\/grupotextil.es\/ca\/wp-json\/wp\/v2\/types\/product"}],"replies":[{"embeddable":true,"href":"https:\/\/grupotextil.es\/ca\/wp-json\/wp\/v2\/comments?post=213862"}],"wp:featuredmedia":[{"embeddable":true,"href":"https:\/\/grupotextil.es\/ca\/wp-json\/wp\/v2\/media\/213863"}],"wp:attachment":[{"href":"https:\/\/grupotextil.es\/ca\/wp-json\/wp\/v2\/media?parent=213862"}],"wp:term":[{"taxonomy":"product_brand","embeddable":true,"href":"https:\/\/grupotextil.es\/ca\/wp-json\/wp\/v2\/product_brand?post=213862"},{"taxonomy":"product_cat","embeddable":true,"href":"https:\/\/grupotextil.es\/ca\/wp-json\/wp\/v2\/product_cat?post=213862"},{"taxonomy":"product_tag","embeddable":true,"href":"https:\/\/grupotextil.es\/ca\/wp-json\/wp\/v2\/product_tag?post=213862"}],"curies":[{"name":"wp","href":"https:\/\/api.w.org\/{rel}","templated":true}]}}