{"id":213922,"date":"2026-03-04T02:58:16","date_gmt":"2026-03-04T01:58:16","guid":{"rendered":"https:\/\/grupotextil.es\/producto\/sudadera-unisex-stanley-stella-connector-2-0-stsu207\/"},"modified":"2026-03-10T01:59:03","modified_gmt":"2026-03-10T00:59:03","slug":"sudadera-unisex-stanley-stella-connector-2-0-stsu207","status":"publish","type":"product","link":"https:\/\/grupotextil.es\/ca\/product\/sudadera-unisex-stanley-stella-connector-2-0-stsu207\/","title":{"rendered":"Sudadera Unisex Stanley\/Stella Connector 2.0 STSU207"},"content":{"rendered":"<p>Mangas montadas Capucha forrada con la misma tela Cremallera met\u00e1lica cubierta en el centro delantero Cordones redondos del mismo color del cuerpo con acabado met\u00e1lico cerrado Ojales met\u00e1licos Ribete de 1\u00d71 en pu\u00f1os de las mangas y dobladillo inferior Bolsillo canguro Costura de doble aguja en sisa, pu\u00f1os de las mangas y dobladillo inferior Cinta de espiga en la costura interior del cuello y dentro de la cremallera Media luna de tela de la misma en la nuca<\/p>","protected":false},"excerpt":{"rendered":"<p>Mangas montadas Capucha forrada con la misma tela Cremallera met\u00e1lica cubierta en el centro delantero Cordones redondos del mismo color del cuerpo con acabado met\u00e1lico cerrado Ojales met\u00e1licos Ribete de 1\u00d71 en pu\u00f1os de las mangas y dobladillo inferior Bolsillo canguro Costura de doble aguja en sisa, pu\u00f1os de las mangas y dobladillo inferior Cinta de espiga en la costura interior del cuello y dentro de la cremallera Media luna de tela de la misma en la nuca<\/p>","protected":false},"featured_media":213923,"comment_status":"open","ping_status":"closed","template":"","meta":{"_acf_changed":false},"product_brand":[14178],"product_cat":[13975,13973,13989],"product_tag":[],"class_list":{"0":"post-213922","1":"product","2":"type-product","3":"status-publish","4":"has-post-thumbnail","6":"product_brand-stanley-stella","7":"product_cat-ropa-mujer","8":"product_cat-ropa","9":"product_cat-m-sudaderas","10":"tm-no-options","12":"first","13":"instock","14":"taxable","15":"shipping-taxable","16":"product-type-variable"},"acf":[],"_links":{"self":[{"href":"https:\/\/grupotextil.es\/ca\/wp-json\/wp\/v2\/product\/213922","targetHints":{"allow":["GET"]}}],"collection":[{"href":"https:\/\/grupotextil.es\/ca\/wp-json\/wp\/v2\/product"}],"about":[{"href":"https:\/\/grupotextil.es\/ca\/wp-json\/wp\/v2\/types\/product"}],"replies":[{"embeddable":true,"href":"https:\/\/grupotextil.es\/ca\/wp-json\/wp\/v2\/comments?post=213922"}],"wp:featuredmedia":[{"embeddable":true,"href":"https:\/\/grupotextil.es\/ca\/wp-json\/wp\/v2\/media\/213923"}],"wp:attachment":[{"href":"https:\/\/grupotextil.es\/ca\/wp-json\/wp\/v2\/media?parent=213922"}],"wp:term":[{"taxonomy":"product_brand","embeddable":true,"href":"https:\/\/grupotextil.es\/ca\/wp-json\/wp\/v2\/product_brand?post=213922"},{"taxonomy":"product_cat","embeddable":true,"href":"https:\/\/grupotextil.es\/ca\/wp-json\/wp\/v2\/product_cat?post=213922"},{"taxonomy":"product_tag","embeddable":true,"href":"https:\/\/grupotextil.es\/ca\/wp-json\/wp\/v2\/product_tag?post=213922"}],"curies":[{"name":"wp","href":"https:\/\/api.w.org\/{rel}","templated":true}]}}