{"id":214206,"date":"2026-03-04T03:01:22","date_gmt":"2026-03-04T02:01:22","guid":{"rendered":"https:\/\/grupotextil.es\/producto\/chaleco-unisex-stanley-stella-liner-stju249\/"},"modified":"2026-03-04T06:15:08","modified_gmt":"2026-03-04T05:15:08","slug":"chaleco-unisex-stanley-stella-liner-stju249","status":"publish","type":"product","link":"https:\/\/grupotextil.es\/ca\/product\/chaleco-unisex-stanley-stella-liner-stju249\/","title":{"rendered":"Chaleco Unisex Stanley\/Stella Liner STJU249"},"content":{"rendered":"<p>Sin mangas Ribete el\u00e1stico reciclado en pu\u00f1os y dobladillo Lazo de ribete interior del cuello y cinta en la nuca Cremallera Vislon de pl\u00e1stico con tirador met\u00e1lico y final de cord\u00f3n Capa interior de forro polar completamente unida con acabado anti-pilling Bolsillos welt con contraste en tejido softshell en el lado frontal con cierre de cremallera oculta Tela softshell de contraste en el bolsillo, canes\u00fa trasero y banda del cuello exterior Cremallera invisible interior en el pecho izquierdo para decoraci\u00f3n f\u00e1cil<\/p>","protected":false},"excerpt":{"rendered":"<p>Sin mangas Ribete el\u00e1stico reciclado en pu\u00f1os y dobladillo Lazo de ribete interior del cuello y cinta en la nuca Cremallera Vislon de pl\u00e1stico con tirador met\u00e1lico y final de cord\u00f3n Capa interior de forro polar completamente unida con acabado anti-pilling Bolsillos welt con contraste en tejido softshell en el lado frontal con cierre de cremallera oculta Tela softshell de contraste en el bolsillo, canes\u00fa trasero y banda del cuello exterior Cremallera invisible interior en el pecho izquierdo para decoraci\u00f3n f\u00e1cil<\/p>","protected":false},"featured_media":214207,"comment_status":"open","ping_status":"closed","template":"","meta":{"_acf_changed":false},"product_brand":[14178],"product_cat":[13982,13991,13974,13975,13973],"product_tag":[],"class_list":{"0":"post-214206","1":"product","2":"type-product","3":"status-publish","4":"has-post-thumbnail","6":"product_brand-stanley-stella","7":"product_cat-h-chalecos","8":"product_cat-m-chalecos","9":"product_cat-ropa-hombre","10":"product_cat-ropa-mujer","11":"product_cat-ropa","12":"tm-no-options","14":"first","15":"instock","16":"taxable","17":"shipping-taxable","18":"product-type-variable"},"acf":[],"_links":{"self":[{"href":"https:\/\/grupotextil.es\/ca\/wp-json\/wp\/v2\/product\/214206","targetHints":{"allow":["GET"]}}],"collection":[{"href":"https:\/\/grupotextil.es\/ca\/wp-json\/wp\/v2\/product"}],"about":[{"href":"https:\/\/grupotextil.es\/ca\/wp-json\/wp\/v2\/types\/product"}],"replies":[{"embeddable":true,"href":"https:\/\/grupotextil.es\/ca\/wp-json\/wp\/v2\/comments?post=214206"}],"wp:featuredmedia":[{"embeddable":true,"href":"https:\/\/grupotextil.es\/ca\/wp-json\/wp\/v2\/media\/214207"}],"wp:attachment":[{"href":"https:\/\/grupotextil.es\/ca\/wp-json\/wp\/v2\/media?parent=214206"}],"wp:term":[{"taxonomy":"product_brand","embeddable":true,"href":"https:\/\/grupotextil.es\/ca\/wp-json\/wp\/v2\/product_brand?post=214206"},{"taxonomy":"product_cat","embeddable":true,"href":"https:\/\/grupotextil.es\/ca\/wp-json\/wp\/v2\/product_cat?post=214206"},{"taxonomy":"product_tag","embeddable":true,"href":"https:\/\/grupotextil.es\/ca\/wp-json\/wp\/v2\/product_tag?post=214206"}],"curies":[{"name":"wp","href":"https:\/\/api.w.org\/{rel}","templated":true}]}}