{"id":214260,"date":"2026-03-04T03:02:03","date_gmt":"2026-03-04T02:02:03","guid":{"rendered":"https:\/\/grupotextil.es\/producto\/sudadera-unisex-stanley-stella-trucker-2-0-stsu204\/"},"modified":"2026-03-10T01:59:02","modified_gmt":"2026-03-10T00:59:02","slug":"sudadera-unisex-stanley-stella-trucker-2-0-stsu204","status":"publish","type":"product","link":"https:\/\/grupotextil.es\/ca\/product\/sudadera-unisex-stanley-stella-trucker-2-0-stsu204\/","title":{"rendered":"Sudadera Unisex Stanley\/Stella Trucker 2.0 STSU204"},"content":{"rendered":"<p>Mangas montadas Cuello simulado de la misma tela Cremallera de un cuarto en el centro frontal Costilla 1\u00d71 en los pu\u00f1os de las mangas y dobladillo inferior Doble costura en la sisa, pu\u00f1os de las mangas y dobladillo inferior Cinta de espiga en el interior del cuello y en el interior de la cremallera Media luna de la misma tela en la nuca<\/p>","protected":false},"excerpt":{"rendered":"<p>Mangas montadas Cuello simulado de la misma tela Cremallera de un cuarto en el centro frontal Costilla 1\u00d71 en los pu\u00f1os de las mangas y dobladillo inferior Doble costura en la sisa, pu\u00f1os de las mangas y dobladillo inferior Cinta de espiga en el interior del cuello y en el interior de la cremallera Media luna de la misma tela en la nuca<\/p>","protected":false},"featured_media":214261,"comment_status":"open","ping_status":"closed","template":"","meta":{"_acf_changed":false},"product_brand":[14178],"product_cat":[13975,13973,13989],"product_tag":[],"class_list":{"0":"post-214260","1":"product","2":"type-product","3":"status-publish","4":"has-post-thumbnail","6":"product_brand-stanley-stella","7":"product_cat-ropa-mujer","8":"product_cat-ropa","9":"product_cat-m-sudaderas","10":"tm-no-options","12":"first","13":"instock","14":"taxable","15":"shipping-taxable","16":"product-type-variable"},"acf":[],"_links":{"self":[{"href":"https:\/\/grupotextil.es\/ca\/wp-json\/wp\/v2\/product\/214260","targetHints":{"allow":["GET"]}}],"collection":[{"href":"https:\/\/grupotextil.es\/ca\/wp-json\/wp\/v2\/product"}],"about":[{"href":"https:\/\/grupotextil.es\/ca\/wp-json\/wp\/v2\/types\/product"}],"replies":[{"embeddable":true,"href":"https:\/\/grupotextil.es\/ca\/wp-json\/wp\/v2\/comments?post=214260"}],"wp:featuredmedia":[{"embeddable":true,"href":"https:\/\/grupotextil.es\/ca\/wp-json\/wp\/v2\/media\/214261"}],"wp:attachment":[{"href":"https:\/\/grupotextil.es\/ca\/wp-json\/wp\/v2\/media?parent=214260"}],"wp:term":[{"taxonomy":"product_brand","embeddable":true,"href":"https:\/\/grupotextil.es\/ca\/wp-json\/wp\/v2\/product_brand?post=214260"},{"taxonomy":"product_cat","embeddable":true,"href":"https:\/\/grupotextil.es\/ca\/wp-json\/wp\/v2\/product_cat?post=214260"},{"taxonomy":"product_tag","embeddable":true,"href":"https:\/\/grupotextil.es\/ca\/wp-json\/wp\/v2\/product_tag?post=214260"}],"curies":[{"name":"wp","href":"https:\/\/api.w.org\/{rel}","templated":true}]}}