{"id":214522,"date":"2026-03-04T03:03:37","date_gmt":"2026-03-04T02:03:37","guid":{"rendered":"https:\/\/grupotextil.es\/producto\/set-para-colorear-stamina-candel-1512\/"},"modified":"2026-03-04T06:15:09","modified_gmt":"2026-03-04T05:15:09","slug":"set-para-colorear-stamina-candel-1512","status":"publish","type":"product","link":"https:\/\/grupotextil.es\/ca\/product\/set-para-colorear-stamina-candel-1512\/","title":{"rendered":"Set Para Colorear Stamina Candel 1512"},"content":{"rendered":"<p>Set para colorear con dise\u00f1o navide\u00f1o en madera, que incluye pincel y tres pinturas. Ideal para que los ni\u00f1os exploren su creatividad durante las festividades.<\/p>","protected":false},"excerpt":{"rendered":"<p>Set para colorear con dise\u00f1o navide\u00f1o en madera, que incluye pincel y tres pinturas. Ideal para que los ni\u00f1os exploren su creatividad durante las festividades.<\/p>","protected":false},"featured_media":214523,"comment_status":"open","ping_status":"closed","template":"","meta":{"_acf_changed":false},"product_brand":[14012],"product_cat":[14006,13972],"product_tag":[],"class_list":{"0":"post-214522","1":"product","2":"type-product","3":"status-publish","4":"has-post-thumbnail","6":"product_brand-stamina","7":"product_cat-acc-merchandising","8":"product_cat-oficina-y-escritura","9":"tm-no-options","11":"first","12":"outofstock","13":"taxable","14":"shipping-taxable","15":"product-type-variable"},"acf":[],"_links":{"self":[{"href":"https:\/\/grupotextil.es\/ca\/wp-json\/wp\/v2\/product\/214522","targetHints":{"allow":["GET"]}}],"collection":[{"href":"https:\/\/grupotextil.es\/ca\/wp-json\/wp\/v2\/product"}],"about":[{"href":"https:\/\/grupotextil.es\/ca\/wp-json\/wp\/v2\/types\/product"}],"replies":[{"embeddable":true,"href":"https:\/\/grupotextil.es\/ca\/wp-json\/wp\/v2\/comments?post=214522"}],"wp:featuredmedia":[{"embeddable":true,"href":"https:\/\/grupotextil.es\/ca\/wp-json\/wp\/v2\/media\/214523"}],"wp:attachment":[{"href":"https:\/\/grupotextil.es\/ca\/wp-json\/wp\/v2\/media?parent=214522"}],"wp:term":[{"taxonomy":"product_brand","embeddable":true,"href":"https:\/\/grupotextil.es\/ca\/wp-json\/wp\/v2\/product_brand?post=214522"},{"taxonomy":"product_cat","embeddable":true,"href":"https:\/\/grupotextil.es\/ca\/wp-json\/wp\/v2\/product_cat?post=214522"},{"taxonomy":"product_tag","embeddable":true,"href":"https:\/\/grupotextil.es\/ca\/wp-json\/wp\/v2\/product_tag?post=214522"}],"curies":[{"name":"wp","href":"https:\/\/api.w.org\/{rel}","templated":true}]}}