{"id":215000,"date":"2026-03-04T03:08:23","date_gmt":"2026-03-04T02:08:23","guid":{"rendered":"https:\/\/grupotextil.es\/producto\/chaleco-unisex-stanley-stella-puffer-gilet-stju250\/"},"modified":"2026-03-04T06:15:10","modified_gmt":"2026-03-04T05:15:10","slug":"chaleco-unisex-stanley-stella-puffer-gilet-stju250","status":"publish","type":"product","link":"https:\/\/grupotextil.es\/ca\/product\/chaleco-unisex-stanley-stella-puffer-gilet-stju250\/","title":{"rendered":"Chaleco Unisex Stanley\/Stella Puffer Gilet STJU250"},"content":{"rendered":"<p>Cierre de nylon con espiral en el frente central con protector de barbilla Bolsillos welt con cinta grosgrain adicional Cuello alto Correas de grosgrain internas para llevar de manera vers\u00e1til y sin usar las manos Apertura de cierre en el dobladillo inferior y en el pecho izquierdo del usuario para decoraci\u00f3n f\u00e1cil<\/p>","protected":false},"excerpt":{"rendered":"<p>Cierre de nylon con espiral en el frente central con protector de barbilla Bolsillos welt con cinta grosgrain adicional Cuello alto Correas de grosgrain internas para llevar de manera vers\u00e1til y sin usar las manos Apertura de cierre en el dobladillo inferior y en el pecho izquierdo del usuario para decoraci\u00f3n f\u00e1cil<\/p>","protected":false},"featured_media":215001,"comment_status":"open","ping_status":"closed","template":"","meta":{"_acf_changed":false},"product_brand":[14178],"product_cat":[13982,13991,13974,13975,13973],"product_tag":[],"class_list":{"0":"post-215000","1":"product","2":"type-product","3":"status-publish","4":"has-post-thumbnail","6":"product_brand-stanley-stella","7":"product_cat-h-chalecos","8":"product_cat-m-chalecos","9":"product_cat-ropa-hombre","10":"product_cat-ropa-mujer","11":"product_cat-ropa","12":"tm-no-options","14":"first","15":"instock","16":"taxable","17":"shipping-taxable","18":"product-type-variable"},"acf":[],"_links":{"self":[{"href":"https:\/\/grupotextil.es\/ca\/wp-json\/wp\/v2\/product\/215000","targetHints":{"allow":["GET"]}}],"collection":[{"href":"https:\/\/grupotextil.es\/ca\/wp-json\/wp\/v2\/product"}],"about":[{"href":"https:\/\/grupotextil.es\/ca\/wp-json\/wp\/v2\/types\/product"}],"replies":[{"embeddable":true,"href":"https:\/\/grupotextil.es\/ca\/wp-json\/wp\/v2\/comments?post=215000"}],"wp:featuredmedia":[{"embeddable":true,"href":"https:\/\/grupotextil.es\/ca\/wp-json\/wp\/v2\/media\/215001"}],"wp:attachment":[{"href":"https:\/\/grupotextil.es\/ca\/wp-json\/wp\/v2\/media?parent=215000"}],"wp:term":[{"taxonomy":"product_brand","embeddable":true,"href":"https:\/\/grupotextil.es\/ca\/wp-json\/wp\/v2\/product_brand?post=215000"},{"taxonomy":"product_cat","embeddable":true,"href":"https:\/\/grupotextil.es\/ca\/wp-json\/wp\/v2\/product_cat?post=215000"},{"taxonomy":"product_tag","embeddable":true,"href":"https:\/\/grupotextil.es\/ca\/wp-json\/wp\/v2\/product_tag?post=215000"}],"curies":[{"name":"wp","href":"https:\/\/api.w.org\/{rel}","templated":true}]}}