{"id":215768,"date":"2026-03-04T03:18:28","date_gmt":"2026-03-04T02:18:28","guid":{"rendered":"https:\/\/grupotextil.es\/producto\/bloc-de-notas-a5-stamina-austy-1327\/"},"modified":"2026-03-04T06:15:14","modified_gmt":"2026-03-04T05:15:14","slug":"bloc-de-notas-a5-stamina-austy-1327","status":"publish","type":"product","link":"https:\/\/grupotextil.es\/ca\/product\/bloc-de-notas-a5-stamina-austy-1327\/","title":{"rendered":"Bloc de Notas A5 Stamina Austy 1327"},"content":{"rendered":"<p>Libreta A5 con tapas de bamb\u00fa y corcho. Soprte para bol\u00edgrafo. Marcap\u00e1ginas y banda el\u00e1stica. 80 hojas lisas.<\/p>","protected":false},"excerpt":{"rendered":"<p>Libreta A5 con tapas de bamb\u00fa y corcho. Soprte para bol\u00edgrafo. Marcap\u00e1ginas y banda el\u00e1stica. 80 hojas lisas.<\/p>","protected":false},"featured_media":215769,"comment_status":"open","ping_status":"closed","template":"","meta":{"_acf_changed":false},"product_brand":[14012],"product_cat":[14006,13972],"product_tag":[],"class_list":{"0":"post-215768","1":"product","2":"type-product","3":"status-publish","4":"has-post-thumbnail","6":"product_brand-stamina","7":"product_cat-acc-merchandising","8":"product_cat-oficina-y-escritura","9":"tm-no-options","11":"first","12":"instock","13":"taxable","14":"shipping-taxable","15":"product-type-variable"},"acf":[],"_links":{"self":[{"href":"https:\/\/grupotextil.es\/ca\/wp-json\/wp\/v2\/product\/215768","targetHints":{"allow":["GET"]}}],"collection":[{"href":"https:\/\/grupotextil.es\/ca\/wp-json\/wp\/v2\/product"}],"about":[{"href":"https:\/\/grupotextil.es\/ca\/wp-json\/wp\/v2\/types\/product"}],"replies":[{"embeddable":true,"href":"https:\/\/grupotextil.es\/ca\/wp-json\/wp\/v2\/comments?post=215768"}],"wp:featuredmedia":[{"embeddable":true,"href":"https:\/\/grupotextil.es\/ca\/wp-json\/wp\/v2\/media\/215769"}],"wp:attachment":[{"href":"https:\/\/grupotextil.es\/ca\/wp-json\/wp\/v2\/media?parent=215768"}],"wp:term":[{"taxonomy":"product_brand","embeddable":true,"href":"https:\/\/grupotextil.es\/ca\/wp-json\/wp\/v2\/product_brand?post=215768"},{"taxonomy":"product_cat","embeddable":true,"href":"https:\/\/grupotextil.es\/ca\/wp-json\/wp\/v2\/product_cat?post=215768"},{"taxonomy":"product_tag","embeddable":true,"href":"https:\/\/grupotextil.es\/ca\/wp-json\/wp\/v2\/product_tag?post=215768"}],"curies":[{"name":"wp","href":"https:\/\/api.w.org\/{rel}","templated":true}]}}