{"id":215839,"date":"2026-03-04T03:19:44","date_gmt":"2026-03-04T02:19:44","guid":{"rendered":"https:\/\/grupotextil.es\/producto\/altavoz-bluetooth-inalambrico-stamina-bufer-1249\/"},"modified":"2026-03-04T06:15:15","modified_gmt":"2026-03-04T05:15:15","slug":"altavoz-bluetooth-inalambrico-stamina-bufer-1249","status":"publish","type":"product","link":"https:\/\/grupotextil.es\/ca\/product\/altavoz-bluetooth-inalambrico-stamina-bufer-1249\/","title":{"rendered":"Altavoz Bluetooth Inal\u00e1mbrico Stamina Bufer 1249"},"content":{"rendered":"<p><strong>PRODUCTO QUE SE DESCATALOGAR\u00c1 CUANDO SE AGOTEN LAS EXISTENCIAS<\/strong> \u2013 Altavoz inal\u00e1mbrico con cuerpo elaborado en bamb\u00fa y superficie en poli\u00e9ster reciclado RPET, con 3W de potencia con bater\u00eda recargable. Salida de audio mediante conexi\u00f3n Bluetooth. Cuenta con indicador luminoso de conexi\u00f3n, control de encendido\/apagado y puerto de carga. Distancia de funcionamiento de hasta 10 metros.<\/p>","protected":false},"excerpt":{"rendered":"<p><strong>PRODUCTO QUE SE DESCATALOGAR\u00c1 CUANDO SE AGOTEN LAS EXISTENCIAS<\/strong> \u2013 Altavoz inal\u00e1mbrico con cuerpo elaborado en bamb\u00fa y superficie en poli\u00e9ster reciclado RPET, con 3W de potencia con bater\u00eda recargable. Salida de audio mediante conexi\u00f3n Bluetooth. Cuenta con indicador luminoso de conexi\u00f3n, control de encendido\/apagado y puerto de carga. Distancia de funcionamiento de hasta 10 metros.<\/p>","protected":false},"featured_media":215840,"comment_status":"open","ping_status":"closed","template":"","meta":{"_acf_changed":false},"product_brand":[14012],"product_cat":[14006,13959],"product_tag":[],"class_list":{"0":"post-215839","1":"product","2":"type-product","3":"status-publish","4":"has-post-thumbnail","6":"product_brand-stamina","7":"product_cat-acc-merchandising","8":"product_cat-mr-tecnologia","9":"tm-no-options","11":"first","12":"outofstock","13":"taxable","14":"shipping-taxable","15":"product-type-variable"},"acf":[],"_links":{"self":[{"href":"https:\/\/grupotextil.es\/ca\/wp-json\/wp\/v2\/product\/215839","targetHints":{"allow":["GET"]}}],"collection":[{"href":"https:\/\/grupotextil.es\/ca\/wp-json\/wp\/v2\/product"}],"about":[{"href":"https:\/\/grupotextil.es\/ca\/wp-json\/wp\/v2\/types\/product"}],"replies":[{"embeddable":true,"href":"https:\/\/grupotextil.es\/ca\/wp-json\/wp\/v2\/comments?post=215839"}],"wp:featuredmedia":[{"embeddable":true,"href":"https:\/\/grupotextil.es\/ca\/wp-json\/wp\/v2\/media\/215840"}],"wp:attachment":[{"href":"https:\/\/grupotextil.es\/ca\/wp-json\/wp\/v2\/media?parent=215839"}],"wp:term":[{"taxonomy":"product_brand","embeddable":true,"href":"https:\/\/grupotextil.es\/ca\/wp-json\/wp\/v2\/product_brand?post=215839"},{"taxonomy":"product_cat","embeddable":true,"href":"https:\/\/grupotextil.es\/ca\/wp-json\/wp\/v2\/product_cat?post=215839"},{"taxonomy":"product_tag","embeddable":true,"href":"https:\/\/grupotextil.es\/ca\/wp-json\/wp\/v2\/product_tag?post=215839"}],"curies":[{"name":"wp","href":"https:\/\/api.w.org\/{rel}","templated":true}]}}