{"id":215889,"date":"2026-03-04T03:20:40","date_gmt":"2026-03-04T02:20:40","guid":{"rendered":"https:\/\/grupotextil.es\/producto\/cargador-inalambrico-lapicero-stamina-celik-1297\/"},"modified":"2026-03-04T06:15:15","modified_gmt":"2026-03-04T05:15:15","slug":"cargador-inalambrico-lapicero-stamina-celik-1297","status":"publish","type":"product","link":"https:\/\/grupotextil.es\/ca\/product\/cargador-inalambrico-lapicero-stamina-celik-1297\/","title":{"rendered":"Cargador Inal\u00e1mbrico Lapicero Stamina Celik 1297"},"content":{"rendered":"<p>Lapicero multifunci\u00f3n con cuerpo elaborado en bamb\u00fa y base con funci\u00f3n de cargador inal\u00e1mbrico realizado en fibra de trigo. La base de carga es extra\u00edble del lapicero mediante un punto de anclaje desliz\u00e1ndola lateralmente. Potencia de cargador inal\u00e1mbrico de 15W. Incluye soporte para Smartphone en la base de carga e indicador luminoso de confirmaci\u00f3n de carga. Incluye dos puertos de salida USB y dos puertos Tipo C de entrada y salida. Compatible con dispositivos m\u00f3viles provistos de tecnolog\u00eda de este tipo de carga.<\/p>","protected":false},"excerpt":{"rendered":"<p>Lapicero multifunci\u00f3n con cuerpo elaborado en bamb\u00fa y base con funci\u00f3n de cargador inal\u00e1mbrico realizado en fibra de trigo. La base de carga es extra\u00edble del lapicero mediante un punto de anclaje desliz\u00e1ndola lateralmente. Potencia de cargador inal\u00e1mbrico de 15W. Incluye soporte para Smartphone en la base de carga e indicador luminoso de confirmaci\u00f3n de carga. Incluye dos puertos de salida USB y dos puertos Tipo C de entrada y salida. Compatible con dispositivos m\u00f3viles provistos de tecnolog\u00eda de este tipo de carga.<\/p>","protected":false},"featured_media":215890,"comment_status":"open","ping_status":"closed","template":"","meta":{"_acf_changed":false},"product_brand":[14012],"product_cat":[14006,13959],"product_tag":[],"class_list":{"0":"post-215889","1":"product","2":"type-product","3":"status-publish","4":"has-post-thumbnail","6":"product_brand-stamina","7":"product_cat-acc-merchandising","8":"product_cat-mr-tecnologia","9":"tm-no-options","11":"first","12":"instock","13":"taxable","14":"shipping-taxable","15":"product-type-variable"},"acf":[],"_links":{"self":[{"href":"https:\/\/grupotextil.es\/ca\/wp-json\/wp\/v2\/product\/215889","targetHints":{"allow":["GET"]}}],"collection":[{"href":"https:\/\/grupotextil.es\/ca\/wp-json\/wp\/v2\/product"}],"about":[{"href":"https:\/\/grupotextil.es\/ca\/wp-json\/wp\/v2\/types\/product"}],"replies":[{"embeddable":true,"href":"https:\/\/grupotextil.es\/ca\/wp-json\/wp\/v2\/comments?post=215889"}],"wp:featuredmedia":[{"embeddable":true,"href":"https:\/\/grupotextil.es\/ca\/wp-json\/wp\/v2\/media\/215890"}],"wp:attachment":[{"href":"https:\/\/grupotextil.es\/ca\/wp-json\/wp\/v2\/media?parent=215889"}],"wp:term":[{"taxonomy":"product_brand","embeddable":true,"href":"https:\/\/grupotextil.es\/ca\/wp-json\/wp\/v2\/product_brand?post=215889"},{"taxonomy":"product_cat","embeddable":true,"href":"https:\/\/grupotextil.es\/ca\/wp-json\/wp\/v2\/product_cat?post=215889"},{"taxonomy":"product_tag","embeddable":true,"href":"https:\/\/grupotextil.es\/ca\/wp-json\/wp\/v2\/product_tag?post=215889"}],"curies":[{"name":"wp","href":"https:\/\/api.w.org\/{rel}","templated":true}]}}