{"id":215904,"date":"2026-03-04T03:20:57","date_gmt":"2026-03-04T02:20:57","guid":{"rendered":"https:\/\/grupotextil.es\/producto\/auriculares-inalambricos-stamina-auron-1285\/"},"modified":"2026-03-04T06:15:15","modified_gmt":"2026-03-04T05:15:15","slug":"auriculares-inalambricos-stamina-auron-1285","status":"publish","type":"product","link":"https:\/\/grupotextil.es\/ca\/product\/auriculares-inalambricos-stamina-auron-1285\/","title":{"rendered":"Auriculares Inal\u00e1mbricos Stamina Auron 1285"},"content":{"rendered":"<p>Auriculares inal\u00e1mbricos presentado en estuche elaborado en material reciclado y aro protector giratorio en bamb\u00fa. Cuenta con funci\u00f3n manos libres con bot\u00f3n multifunci\u00f3n t\u00e1ctil en ambos auriculares para responder y rechazar llamadas y funci\u00f3n de asistente de voz mediante control multifunci\u00f3n. Con control t\u00e1ctil de reproducci\u00f3n de audio, con funciones de control de volumen, pista siguiente. Carga autom\u00e1tica de los auriculares al introducirlos en su estuche.<\/p>","protected":false},"excerpt":{"rendered":"<p>Auriculares inal\u00e1mbricos presentado en estuche elaborado en material reciclado y aro protector giratorio en bamb\u00fa. Cuenta con funci\u00f3n manos libres con bot\u00f3n multifunci\u00f3n t\u00e1ctil en ambos auriculares para responder y rechazar llamadas y funci\u00f3n de asistente de voz mediante control multifunci\u00f3n. Con control t\u00e1ctil de reproducci\u00f3n de audio, con funciones de control de volumen, pista siguiente. Carga autom\u00e1tica de los auriculares al introducirlos en su estuche.<\/p>","protected":false},"featured_media":215905,"comment_status":"open","ping_status":"closed","template":"","meta":{"_acf_changed":false},"product_brand":[14012],"product_cat":[14006,13959],"product_tag":[],"class_list":{"0":"post-215904","1":"product","2":"type-product","3":"status-publish","4":"has-post-thumbnail","6":"product_brand-stamina","7":"product_cat-acc-merchandising","8":"product_cat-mr-tecnologia","9":"tm-no-options","11":"first","12":"instock","13":"taxable","14":"shipping-taxable","15":"product-type-variable"},"acf":[],"_links":{"self":[{"href":"https:\/\/grupotextil.es\/ca\/wp-json\/wp\/v2\/product\/215904","targetHints":{"allow":["GET"]}}],"collection":[{"href":"https:\/\/grupotextil.es\/ca\/wp-json\/wp\/v2\/product"}],"about":[{"href":"https:\/\/grupotextil.es\/ca\/wp-json\/wp\/v2\/types\/product"}],"replies":[{"embeddable":true,"href":"https:\/\/grupotextil.es\/ca\/wp-json\/wp\/v2\/comments?post=215904"}],"wp:featuredmedia":[{"embeddable":true,"href":"https:\/\/grupotextil.es\/ca\/wp-json\/wp\/v2\/media\/215905"}],"wp:attachment":[{"href":"https:\/\/grupotextil.es\/ca\/wp-json\/wp\/v2\/media?parent=215904"}],"wp:term":[{"taxonomy":"product_brand","embeddable":true,"href":"https:\/\/grupotextil.es\/ca\/wp-json\/wp\/v2\/product_brand?post=215904"},{"taxonomy":"product_cat","embeddable":true,"href":"https:\/\/grupotextil.es\/ca\/wp-json\/wp\/v2\/product_cat?post=215904"},{"taxonomy":"product_tag","embeddable":true,"href":"https:\/\/grupotextil.es\/ca\/wp-json\/wp\/v2\/product_tag?post=215904"}],"curies":[{"name":"wp","href":"https:\/\/api.w.org\/{rel}","templated":true}]}}