{"id":216106,"date":"2026-03-04T03:23:57","date_gmt":"2026-03-04T02:23:57","guid":{"rendered":"https:\/\/grupotextil.es\/producto\/bascula-stamina-tadeus-1378\/"},"modified":"2026-03-04T06:15:17","modified_gmt":"2026-03-04T05:15:17","slug":"bascula-stamina-tadeus-1378","status":"publish","type":"product","link":"https:\/\/grupotextil.es\/ca\/product\/bascula-stamina-tadeus-1378\/","title":{"rendered":"B\u00e1scula Stamina Tadeus 1378"},"content":{"rendered":"<p>B\u00e1scula de bamb\u00fa con base antideslizante. Panel digital con funciones peso y temperatura. Funciona con 2 pilas AAA, no incluidas.<\/p>","protected":false},"excerpt":{"rendered":"<p>B\u00e1scula de bamb\u00fa con base antideslizante. Panel digital con funciones peso y temperatura. Funciona con 2 pilas AAA, no incluidas.<\/p>","protected":false},"featured_media":216107,"comment_status":"open","ping_status":"closed","template":"","meta":{"_acf_changed":false},"product_brand":[14012],"product_cat":[13973],"product_tag":[],"class_list":{"0":"post-216106","1":"product","2":"type-product","3":"status-publish","4":"has-post-thumbnail","6":"product_brand-stamina","7":"product_cat-ropa","8":"tm-no-options","10":"first","11":"instock","12":"taxable","13":"shipping-taxable","14":"product-type-variable"},"acf":[],"_links":{"self":[{"href":"https:\/\/grupotextil.es\/ca\/wp-json\/wp\/v2\/product\/216106","targetHints":{"allow":["GET"]}}],"collection":[{"href":"https:\/\/grupotextil.es\/ca\/wp-json\/wp\/v2\/product"}],"about":[{"href":"https:\/\/grupotextil.es\/ca\/wp-json\/wp\/v2\/types\/product"}],"replies":[{"embeddable":true,"href":"https:\/\/grupotextil.es\/ca\/wp-json\/wp\/v2\/comments?post=216106"}],"wp:featuredmedia":[{"embeddable":true,"href":"https:\/\/grupotextil.es\/ca\/wp-json\/wp\/v2\/media\/216107"}],"wp:attachment":[{"href":"https:\/\/grupotextil.es\/ca\/wp-json\/wp\/v2\/media?parent=216106"}],"wp:term":[{"taxonomy":"product_brand","embeddable":true,"href":"https:\/\/grupotextil.es\/ca\/wp-json\/wp\/v2\/product_brand?post=216106"},{"taxonomy":"product_cat","embeddable":true,"href":"https:\/\/grupotextil.es\/ca\/wp-json\/wp\/v2\/product_cat?post=216106"},{"taxonomy":"product_tag","embeddable":true,"href":"https:\/\/grupotextil.es\/ca\/wp-json\/wp\/v2\/product_tag?post=216106"}],"curies":[{"name":"wp","href":"https:\/\/api.w.org\/{rel}","templated":true}]}}