{"id":216159,"date":"2026-03-04T03:24:45","date_gmt":"2026-03-04T02:24:45","guid":{"rendered":"https:\/\/grupotextil.es\/producto\/bidon-reciclado-stamina-fental-1365\/"},"modified":"2026-03-04T06:15:17","modified_gmt":"2026-03-04T05:15:17","slug":"bidon-reciclado-stamina-fental-1365","status":"publish","type":"product","link":"https:\/\/grupotextil.es\/ca\/product\/bidon-reciclado-stamina-fental-1365\/","title":{"rendered":"Bid\u00f3n Reciclado Stamina Fental 1365"},"content":{"rendered":"<p>Bid\u00f3n de aluminio reciclado con tap\u00f3n transparente y asa de silicona a juego. El asa, al ser de silicona, es flexible y se puede modificar su posici\u00f3n, facilitando su transporte. Con capacidad de 750 ml.<\/p>","protected":false},"excerpt":{"rendered":"<p>Bid\u00f3n de aluminio reciclado con tap\u00f3n transparente y asa de silicona a juego. El asa, al ser de silicona, es flexible y se puede modificar su posici\u00f3n, facilitando su transporte. Con capacidad de 750 ml.<\/p>","protected":false},"featured_media":216160,"comment_status":"open","ping_status":"closed","template":"","meta":{"_acf_changed":false},"product_brand":[14012],"product_cat":[13958,14006,13971],"product_tag":[],"class_list":{"0":"post-216159","1":"product","2":"type-product","3":"status-publish","4":"has-post-thumbnail","6":"product_brand-stamina","7":"product_cat-mr-botellas-y-termos","8":"product_cat-acc-merchandising","9":"product_cat-mr-tazas","10":"tm-no-options","12":"first","13":"instock","14":"taxable","15":"shipping-taxable","16":"product-type-variable"},"acf":[],"_links":{"self":[{"href":"https:\/\/grupotextil.es\/ca\/wp-json\/wp\/v2\/product\/216159","targetHints":{"allow":["GET"]}}],"collection":[{"href":"https:\/\/grupotextil.es\/ca\/wp-json\/wp\/v2\/product"}],"about":[{"href":"https:\/\/grupotextil.es\/ca\/wp-json\/wp\/v2\/types\/product"}],"replies":[{"embeddable":true,"href":"https:\/\/grupotextil.es\/ca\/wp-json\/wp\/v2\/comments?post=216159"}],"wp:featuredmedia":[{"embeddable":true,"href":"https:\/\/grupotextil.es\/ca\/wp-json\/wp\/v2\/media\/216160"}],"wp:attachment":[{"href":"https:\/\/grupotextil.es\/ca\/wp-json\/wp\/v2\/media?parent=216159"}],"wp:term":[{"taxonomy":"product_brand","embeddable":true,"href":"https:\/\/grupotextil.es\/ca\/wp-json\/wp\/v2\/product_brand?post=216159"},{"taxonomy":"product_cat","embeddable":true,"href":"https:\/\/grupotextil.es\/ca\/wp-json\/wp\/v2\/product_cat?post=216159"},{"taxonomy":"product_tag","embeddable":true,"href":"https:\/\/grupotextil.es\/ca\/wp-json\/wp\/v2\/product_tag?post=216159"}],"curies":[{"name":"wp","href":"https:\/\/api.w.org\/{rel}","templated":true}]}}