{"id":216296,"date":"2026-03-04T03:26:35","date_gmt":"2026-03-04T02:26:35","guid":{"rendered":"https:\/\/grupotextil.es\/producto\/falda-tecnica-roly-serena-0307-mujer\/"},"modified":"2026-03-10T01:58:57","modified_gmt":"2026-03-10T00:58:57","slug":"falda-tecnica-roly-serena-0307-mujer","status":"publish","type":"product","link":"https:\/\/grupotextil.es\/ca\/product\/falda-tecnica-roly-serena-0307-mujer\/","title":{"rendered":"Falda T\u00e9cnica Roly Serena 0307 Mujer"},"content":{"rendered":"<p>Falda t\u00e9cnica para mujer ligera y el\u00e1stica realizada en poli\u00e9ster reciclado. Cinturilla el\u00e1stica con cordones y banda el\u00e1stica en parte trasera. Malla corta interior con bolsillo en pierna izquierda. Bajo con dobladillo termosellado. Combinado con tejido microperforado para mejorar la transpiraci\u00f3n. Id\u00f3nea falda para practicar deportes de raqueta.<\/p>","protected":false},"excerpt":{"rendered":"<p>Falda t\u00e9cnica para mujer ligera y el\u00e1stica realizada en poli\u00e9ster reciclado. Cinturilla el\u00e1stica con cordones y banda el\u00e1stica en parte trasera. Malla corta interior con bolsillo en pierna izquierda. Bajo con dobladillo termosellado. Combinado con tejido microperforado para mejorar la transpiraci\u00f3n. Id\u00f3nea falda para practicar deportes de raqueta.<\/p>","protected":false},"featured_media":216297,"comment_status":"open","ping_status":"closed","template":"","meta":{"_acf_changed":false},"product_brand":[14011],"product_cat":[13939,13975,13992,13973],"product_tag":[],"class_list":{"0":"post-216296","1":"product","2":"type-product","3":"status-publish","4":"has-post-thumbnail","6":"product_brand-roly","7":"product_cat-deportivo","8":"product_cat-ropa-mujer","9":"product_cat-m-pantalones","10":"product_cat-ropa","11":"tm-no-options","13":"first","14":"instock","15":"taxable","16":"shipping-taxable","17":"product-type-variable"},"acf":[],"_links":{"self":[{"href":"https:\/\/grupotextil.es\/ca\/wp-json\/wp\/v2\/product\/216296","targetHints":{"allow":["GET"]}}],"collection":[{"href":"https:\/\/grupotextil.es\/ca\/wp-json\/wp\/v2\/product"}],"about":[{"href":"https:\/\/grupotextil.es\/ca\/wp-json\/wp\/v2\/types\/product"}],"replies":[{"embeddable":true,"href":"https:\/\/grupotextil.es\/ca\/wp-json\/wp\/v2\/comments?post=216296"}],"wp:featuredmedia":[{"embeddable":true,"href":"https:\/\/grupotextil.es\/ca\/wp-json\/wp\/v2\/media\/216297"}],"wp:attachment":[{"href":"https:\/\/grupotextil.es\/ca\/wp-json\/wp\/v2\/media?parent=216296"}],"wp:term":[{"taxonomy":"product_brand","embeddable":true,"href":"https:\/\/grupotextil.es\/ca\/wp-json\/wp\/v2\/product_brand?post=216296"},{"taxonomy":"product_cat","embeddable":true,"href":"https:\/\/grupotextil.es\/ca\/wp-json\/wp\/v2\/product_cat?post=216296"},{"taxonomy":"product_tag","embeddable":true,"href":"https:\/\/grupotextil.es\/ca\/wp-json\/wp\/v2\/product_tag?post=216296"}],"curies":[{"name":"wp","href":"https:\/\/api.w.org\/{rel}","templated":true}]}}