{"id":216313,"date":"2026-03-04T03:26:49","date_gmt":"2026-03-04T02:26:49","guid":{"rendered":"https:\/\/grupotextil.es\/producto\/pantalon-vaquero-roly-brock-woman-8416-mujer\/"},"modified":"2026-03-04T06:15:18","modified_gmt":"2026-03-04T05:15:18","slug":"pantalon-vaquero-roly-brock-woman-8416-mujer","status":"publish","type":"product","link":"https:\/\/grupotextil.es\/ca\/product\/pantalon-vaquero-roly-brock-woman-8416-mujer\/","title":{"rendered":"Pantal\u00f3n Vaquero Roly Brock Woman 8416 Mujer"},"content":{"rendered":"<p>Pantal\u00f3n vaquero de mujer. De corte regular fit y tiro medio. Cinturilla con 5 trabillas. Bragueta con cremallera met\u00e1lica. Dos bolsillos frontales y bolsillo portamonedas. Dos bolsillos traseros. Corte semientallado en tejido el\u00e1stico.<\/p>","protected":false},"excerpt":{"rendered":"<p>Pantal\u00f3n vaquero de mujer. De corte regular fit y tiro medio. Cinturilla con 5 trabillas. Bragueta con cremallera met\u00e1lica. Dos bolsillos frontales y bolsillo portamonedas. Dos bolsillos traseros. Corte semientallado en tejido el\u00e1stico.<\/p>","protected":false},"featured_media":216314,"comment_status":"open","ping_status":"closed","template":"","meta":{"_acf_changed":false},"product_brand":[14011],"product_cat":[13932,13930,13935],"product_tag":[],"class_list":{"0":"post-216313","1":"product","2":"type-product","3":"status-publish","4":"has-post-thumbnail","6":"product_brand-roly","7":"product_cat-hosteleria-horeca","8":"product_cat-laboral","9":"product_cat-pantalones-cocina","10":"tm-no-options","12":"first","13":"instock","14":"taxable","15":"shipping-taxable","16":"product-type-variable"},"acf":[],"_links":{"self":[{"href":"https:\/\/grupotextil.es\/ca\/wp-json\/wp\/v2\/product\/216313","targetHints":{"allow":["GET"]}}],"collection":[{"href":"https:\/\/grupotextil.es\/ca\/wp-json\/wp\/v2\/product"}],"about":[{"href":"https:\/\/grupotextil.es\/ca\/wp-json\/wp\/v2\/types\/product"}],"replies":[{"embeddable":true,"href":"https:\/\/grupotextil.es\/ca\/wp-json\/wp\/v2\/comments?post=216313"}],"wp:featuredmedia":[{"embeddable":true,"href":"https:\/\/grupotextil.es\/ca\/wp-json\/wp\/v2\/media\/216314"}],"wp:attachment":[{"href":"https:\/\/grupotextil.es\/ca\/wp-json\/wp\/v2\/media?parent=216313"}],"wp:term":[{"taxonomy":"product_brand","embeddable":true,"href":"https:\/\/grupotextil.es\/ca\/wp-json\/wp\/v2\/product_brand?post=216313"},{"taxonomy":"product_cat","embeddable":true,"href":"https:\/\/grupotextil.es\/ca\/wp-json\/wp\/v2\/product_cat?post=216313"},{"taxonomy":"product_tag","embeddable":true,"href":"https:\/\/grupotextil.es\/ca\/wp-json\/wp\/v2\/product_tag?post=216313"}],"curies":[{"name":"wp","href":"https:\/\/api.w.org\/{rel}","templated":true}]}}