{"id":216391,"date":"2026-03-04T03:28:07","date_gmt":"2026-03-04T02:28:07","guid":{"rendered":"https:\/\/grupotextil.es\/producto\/caja-de-madera-para-vino-stamina-marne-1139\/"},"modified":"2026-03-04T06:15:19","modified_gmt":"2026-03-04T05:15:19","slug":"caja-de-madera-para-vino-stamina-marne-1139","status":"publish","type":"product","link":"https:\/\/grupotextil.es\/ca\/product\/caja-de-madera-para-vino-stamina-marne-1139\/","title":{"rendered":"Caja de Madera para Vino Stamina Marne 1139"},"content":{"rendered":"<p>La caja de madera con asa es el complemento perfecto para transportar de manera segura y elegante una botella de vino. Fabricada con madera, esta caja ofrece resistencia y durabilidad para proteger tu botella durante el transporte.<br \/>\nLa caja cuenta con un dise\u00f1o pr\u00e1ctico y funcional. Su tama\u00f1o est\u00e1 especialmente dise\u00f1ado para adaptarse a una botella de vino est\u00e1ndar, asegur\u00e1ndose de que encaje perfectamente en su interior. Adem\u00e1s, cuenta con una s\u00f3lida asa que facilita su transporte y manejo.<br \/>\nEl interior de la caja est\u00e1 dise\u00f1ado de manera que la botella se mantenga estable y segura, evitando cualquier movimiento o golpe que pueda da\u00f1arla. La madera utilizada proporciona un aislamiento natural que protege la botella de cambios de temperatura.<br \/>\nAdem\u00e1s de su funcionalidad, la caja de madera con asa tambi\u00e9n a\u00f1ade un toque de elegancia y estilo. Su dise\u00f1o cl\u00e1sico y atemporal combina perfectamente con la est\u00e9tica de una botella de vino, realzando su presentaci\u00f3n y convirti\u00e9ndola en un regalo o detalle especial.<\/p>","protected":false},"excerpt":{"rendered":"<p>La caja de madera con asa es el complemento perfecto para transportar de manera segura y elegante una botella de vino. Fabricada con madera, esta caja ofrece resistencia y durabilidad para proteger tu botella durante el transporte.<br \/>\nLa caja cuenta con un dise\u00f1o pr\u00e1ctico y funcional. Su tama\u00f1o est\u00e1 especialmente dise\u00f1ado para adaptarse a una botella de vino est\u00e1ndar, asegur\u00e1ndose de que encaje perfectamente en su interior. Adem\u00e1s, cuenta con una s\u00f3lida asa que facilita su transporte y manejo.<br \/>\nEl interior de la caja est\u00e1 dise\u00f1ado de manera que la botella se mantenga estable y segura, evitando cualquier movimiento o golpe que pueda da\u00f1arla. La madera utilizada proporciona un aislamiento natural que protege la botella de cambios de temperatura.<br \/>\nAdem\u00e1s de su funcionalidad, la caja de madera con asa tambi\u00e9n a\u00f1ade un toque de elegancia y estilo. Su dise\u00f1o cl\u00e1sico y atemporal combina perfectamente con la est\u00e9tica de una botella de vino, realzando su presentaci\u00f3n y convirti\u00e9ndola en un regalo o detalle especial.<\/p>","protected":false},"featured_media":216392,"comment_status":"open","ping_status":"closed","template":"","meta":{"_acf_changed":false},"product_brand":[14012],"product_cat":[14006,13971],"product_tag":[],"class_list":{"0":"post-216391","1":"product","2":"type-product","3":"status-publish","4":"has-post-thumbnail","6":"product_brand-stamina","7":"product_cat-acc-merchandising","8":"product_cat-mr-tazas","9":"tm-no-options","11":"first","12":"instock","13":"taxable","14":"shipping-taxable","15":"product-type-variable"},"acf":[],"_links":{"self":[{"href":"https:\/\/grupotextil.es\/ca\/wp-json\/wp\/v2\/product\/216391","targetHints":{"allow":["GET"]}}],"collection":[{"href":"https:\/\/grupotextil.es\/ca\/wp-json\/wp\/v2\/product"}],"about":[{"href":"https:\/\/grupotextil.es\/ca\/wp-json\/wp\/v2\/types\/product"}],"replies":[{"embeddable":true,"href":"https:\/\/grupotextil.es\/ca\/wp-json\/wp\/v2\/comments?post=216391"}],"wp:featuredmedia":[{"embeddable":true,"href":"https:\/\/grupotextil.es\/ca\/wp-json\/wp\/v2\/media\/216392"}],"wp:attachment":[{"href":"https:\/\/grupotextil.es\/ca\/wp-json\/wp\/v2\/media?parent=216391"}],"wp:term":[{"taxonomy":"product_brand","embeddable":true,"href":"https:\/\/grupotextil.es\/ca\/wp-json\/wp\/v2\/product_brand?post=216391"},{"taxonomy":"product_cat","embeddable":true,"href":"https:\/\/grupotextil.es\/ca\/wp-json\/wp\/v2\/product_cat?post=216391"},{"taxonomy":"product_tag","embeddable":true,"href":"https:\/\/grupotextil.es\/ca\/wp-json\/wp\/v2\/product_tag?post=216391"}],"curies":[{"name":"wp","href":"https:\/\/api.w.org\/{rel}","templated":true}]}}