{"id":216472,"date":"2026-03-04T03:29:39","date_gmt":"2026-03-04T02:29:39","guid":{"rendered":"https:\/\/grupotextil.es\/producto\/taza-de-acero-inoxidable-stamina-keila-1161\/"},"modified":"2026-03-04T06:15:20","modified_gmt":"2026-03-04T05:15:20","slug":"taza-de-acero-inoxidable-stamina-keila-1161","status":"publish","type":"product","link":"https:\/\/grupotextil.es\/ca\/product\/taza-de-acero-inoxidable-stamina-keila-1161\/","title":{"rendered":"Taza de Acero Inoxidable Stamina Keila 1161"},"content":{"rendered":"<p>La taza de acero inoxidable con recubrimiento de cobre exterior es una opci\u00f3n elegante y sofisticada para disfrutar de tus bebidas favoritas. Su dise\u00f1o cuenta con un acabado en cobre y una asa dorada que a\u00f1ade un toque de estilo adicional. Con una capacidad de 540 ml, esta taza es perfecta para disfrutar de una buena taza de caf\u00e9, t\u00e9 o cualquier otra bebida caliente o fr\u00eda que desees.<\/p>\n<p>Adem\u00e1s, el recubrimiento de cobre exterior no solo le da un aspecto atractivo, sino que tambi\u00e9n ayuda a mantener la temperatura de tus bebidas por m\u00e1s tiempo. Ya sea que desees mantener tu caf\u00e9 caliente durante las ma\u00f1anas fr\u00edas de invierno o disfrutar de una bebida refrescante en verano, esta taza cumplir\u00e1 con tus expectativas.<\/p>\n<p>La taza viene presentada en una caja de dise\u00f1o, lo que la convierte en una excelente opci\u00f3n de regalo. Puedes sorprender a alguien especial con esta taza \u00fanica y de alta calidad.<\/p>","protected":false},"excerpt":{"rendered":"<p>La taza de acero inoxidable con recubrimiento de cobre exterior es una opci\u00f3n elegante y sofisticada para disfrutar de tus bebidas favoritas. Su dise\u00f1o cuenta con un acabado en cobre y una asa dorada que a\u00f1ade un toque de estilo adicional. Con una capacidad de 540 ml, esta taza es perfecta para disfrutar de una buena taza de caf\u00e9, t\u00e9 o cualquier otra bebida caliente o fr\u00eda que desees.<\/p>\n<p>Adem\u00e1s, el recubrimiento de cobre exterior no solo le da un aspecto atractivo, sino que tambi\u00e9n ayuda a mantener la temperatura de tus bebidas por m\u00e1s tiempo. Ya sea que desees mantener tu caf\u00e9 caliente durante las ma\u00f1anas fr\u00edas de invierno o disfrutar de una bebida refrescante en verano, esta taza cumplir\u00e1 con tus expectativas.<\/p>\n<p>La taza viene presentada en una caja de dise\u00f1o, lo que la convierte en una excelente opci\u00f3n de regalo. Puedes sorprender a alguien especial con esta taza \u00fanica y de alta calidad.<\/p>","protected":false},"featured_media":216473,"comment_status":"open","ping_status":"closed","template":"","meta":{"_acf_changed":false},"product_brand":[14012],"product_cat":[14006,13971],"product_tag":[],"class_list":{"0":"post-216472","1":"product","2":"type-product","3":"status-publish","4":"has-post-thumbnail","6":"product_brand-stamina","7":"product_cat-acc-merchandising","8":"product_cat-mr-tazas","9":"tm-no-options","11":"first","12":"instock","13":"taxable","14":"shipping-taxable","15":"product-type-variable"},"acf":[],"_links":{"self":[{"href":"https:\/\/grupotextil.es\/ca\/wp-json\/wp\/v2\/product\/216472","targetHints":{"allow":["GET"]}}],"collection":[{"href":"https:\/\/grupotextil.es\/ca\/wp-json\/wp\/v2\/product"}],"about":[{"href":"https:\/\/grupotextil.es\/ca\/wp-json\/wp\/v2\/types\/product"}],"replies":[{"embeddable":true,"href":"https:\/\/grupotextil.es\/ca\/wp-json\/wp\/v2\/comments?post=216472"}],"wp:featuredmedia":[{"embeddable":true,"href":"https:\/\/grupotextil.es\/ca\/wp-json\/wp\/v2\/media\/216473"}],"wp:attachment":[{"href":"https:\/\/grupotextil.es\/ca\/wp-json\/wp\/v2\/media?parent=216472"}],"wp:term":[{"taxonomy":"product_brand","embeddable":true,"href":"https:\/\/grupotextil.es\/ca\/wp-json\/wp\/v2\/product_brand?post=216472"},{"taxonomy":"product_cat","embeddable":true,"href":"https:\/\/grupotextil.es\/ca\/wp-json\/wp\/v2\/product_cat?post=216472"},{"taxonomy":"product_tag","embeddable":true,"href":"https:\/\/grupotextil.es\/ca\/wp-json\/wp\/v2\/product_tag?post=216472"}],"curies":[{"name":"wp","href":"https:\/\/api.w.org\/{rel}","templated":true}]}}