{"id":216532,"date":"2026-03-04T03:30:48","date_gmt":"2026-03-04T02:30:48","guid":{"rendered":"https:\/\/grupotextil.es\/producto\/vela-aromatica-stamina-rocix-1171\/"},"modified":"2026-03-04T06:15:20","modified_gmt":"2026-03-04T05:15:20","slug":"vela-aromatica-stamina-rocix-1171","status":"publish","type":"product","link":"https:\/\/grupotextil.es\/ca\/product\/vela-aromatica-stamina-rocix-1171\/","title":{"rendered":"Vela Arom\u00e1tica Stamina Rocix 1171"},"content":{"rendered":"<p>La vela arom\u00e1tica en recipiente de cristal con tapa de bamb\u00fa es una opci\u00f3n elegante y ecoamigable para crear un ambiente c\u00e1lido y acogedor en tu hogar. Esta vela est\u00e1 dise\u00f1ada en forma cuadrada y tiene un agradable aroma a vainilla que llenar\u00e1 el espacio con su dulce fragancia.<\/p>\n<p>El recipiente de cristal le da un toque sofisticado a la vela, permitiendo que la luz de la llama se refleje de manera suave y sutil. La tapa de bamb\u00fa no solo a\u00f1ade un elemento natural y decorativo, sino que tambi\u00e9n ayuda a mantener la fragancia de la vela cuando no est\u00e1 en uso.<\/p>\n<p>Al encender la vela, disfrutar\u00e1s de su suave y envolvente aroma a vainilla, creando un ambiente relajante y reconfortante. La duraci\u00f3n de la vela depender\u00e1 de su tama\u00f1o, pero generalmente proporciona varias horas de fragancia agradable.<br \/>\nAdem\u00e1s de su agradable aroma, la vela arom\u00e1tica en recipiente de cristal y tapa de bamb\u00fa tambi\u00e9n a\u00f1ade un toque decorativo a cualquier espacio, ya sea en el sal\u00f3n, el dormitorio o el ba\u00f1o.<\/p>","protected":false},"excerpt":{"rendered":"<p>La vela arom\u00e1tica en recipiente de cristal con tapa de bamb\u00fa es una opci\u00f3n elegante y ecoamigable para crear un ambiente c\u00e1lido y acogedor en tu hogar. Esta vela est\u00e1 dise\u00f1ada en forma cuadrada y tiene un agradable aroma a vainilla que llenar\u00e1 el espacio con su dulce fragancia.<\/p>\n<p>El recipiente de cristal le da un toque sofisticado a la vela, permitiendo que la luz de la llama se refleje de manera suave y sutil. La tapa de bamb\u00fa no solo a\u00f1ade un elemento natural y decorativo, sino que tambi\u00e9n ayuda a mantener la fragancia de la vela cuando no est\u00e1 en uso.<\/p>\n<p>Al encender la vela, disfrutar\u00e1s de su suave y envolvente aroma a vainilla, creando un ambiente relajante y reconfortante. La duraci\u00f3n de la vela depender\u00e1 de su tama\u00f1o, pero generalmente proporciona varias horas de fragancia agradable.<br \/>\nAdem\u00e1s de su agradable aroma, la vela arom\u00e1tica en recipiente de cristal y tapa de bamb\u00fa tambi\u00e9n a\u00f1ade un toque decorativo a cualquier espacio, ya sea en el sal\u00f3n, el dormitorio o el ba\u00f1o.<\/p>","protected":false},"featured_media":216533,"comment_status":"open","ping_status":"closed","template":"","meta":{"_acf_changed":false},"product_brand":[14012],"product_cat":[13973],"product_tag":[],"class_list":{"0":"post-216532","1":"product","2":"type-product","3":"status-publish","4":"has-post-thumbnail","6":"product_brand-stamina","7":"product_cat-ropa","8":"tm-no-options","10":"first","11":"instock","12":"taxable","13":"shipping-taxable","14":"product-type-variable"},"acf":[],"_links":{"self":[{"href":"https:\/\/grupotextil.es\/ca\/wp-json\/wp\/v2\/product\/216532","targetHints":{"allow":["GET"]}}],"collection":[{"href":"https:\/\/grupotextil.es\/ca\/wp-json\/wp\/v2\/product"}],"about":[{"href":"https:\/\/grupotextil.es\/ca\/wp-json\/wp\/v2\/types\/product"}],"replies":[{"embeddable":true,"href":"https:\/\/grupotextil.es\/ca\/wp-json\/wp\/v2\/comments?post=216532"}],"wp:featuredmedia":[{"embeddable":true,"href":"https:\/\/grupotextil.es\/ca\/wp-json\/wp\/v2\/media\/216533"}],"wp:attachment":[{"href":"https:\/\/grupotextil.es\/ca\/wp-json\/wp\/v2\/media?parent=216532"}],"wp:term":[{"taxonomy":"product_brand","embeddable":true,"href":"https:\/\/grupotextil.es\/ca\/wp-json\/wp\/v2\/product_brand?post=216532"},{"taxonomy":"product_cat","embeddable":true,"href":"https:\/\/grupotextil.es\/ca\/wp-json\/wp\/v2\/product_cat?post=216532"},{"taxonomy":"product_tag","embeddable":true,"href":"https:\/\/grupotextil.es\/ca\/wp-json\/wp\/v2\/product_tag?post=216532"}],"curies":[{"name":"wp","href":"https:\/\/api.w.org\/{rel}","templated":true}]}}