{"id":216579,"date":"2026-03-04T03:31:35","date_gmt":"2026-03-04T02:31:35","guid":{"rendered":"https:\/\/grupotextil.es\/producto\/llavero-linterna-de-bambu-stamina-vesel-1152\/"},"modified":"2026-03-04T06:15:21","modified_gmt":"2026-03-04T05:15:21","slug":"llavero-linterna-de-bambu-stamina-vesel-1152","status":"publish","type":"product","link":"https:\/\/grupotextil.es\/ca\/product\/llavero-linterna-de-bambu-stamina-vesel-1152\/","title":{"rendered":"Llavero Linterna de Bamb\u00fa Stamina Vesel 1152"},"content":{"rendered":"<p>Llavero linterna con cuerpo elaborado en bamb\u00fa, pr\u00e1ctico, elegante y sostenible. Su dise\u00f1o compacto y ligero que lo hace ideal para llevar en el bolsillo o colgarlo junto a las llaves. Incorpora una linterna LED que proporciona una iluminaci\u00f3n brillante en situaciones de poca luz. Adem\u00e1s, se incluyen tres pilas de bot\u00f3n LR41, lo que garantiza un uso inmediato.<\/p>","protected":false},"excerpt":{"rendered":"<p>Llavero linterna con cuerpo elaborado en bamb\u00fa, pr\u00e1ctico, elegante y sostenible. Su dise\u00f1o compacto y ligero que lo hace ideal para llevar en el bolsillo o colgarlo junto a las llaves. Incorpora una linterna LED que proporciona una iluminaci\u00f3n brillante en situaciones de poca luz. Adem\u00e1s, se incluyen tres pilas de bot\u00f3n LR41, lo que garantiza un uso inmediato.<\/p>","protected":false},"featured_media":216580,"comment_status":"open","ping_status":"closed","template":"","meta":{"_acf_changed":false},"product_brand":[14012],"product_cat":[13960,14006],"product_tag":[],"class_list":{"0":"post-216579","1":"product","2":"type-product","3":"status-publish","4":"has-post-thumbnail","6":"product_brand-stamina","7":"product_cat-mr-llaveros","8":"product_cat-acc-merchandising","9":"tm-no-options","11":"first","12":"outofstock","13":"taxable","14":"shipping-taxable","15":"product-type-variable"},"acf":[],"_links":{"self":[{"href":"https:\/\/grupotextil.es\/ca\/wp-json\/wp\/v2\/product\/216579","targetHints":{"allow":["GET"]}}],"collection":[{"href":"https:\/\/grupotextil.es\/ca\/wp-json\/wp\/v2\/product"}],"about":[{"href":"https:\/\/grupotextil.es\/ca\/wp-json\/wp\/v2\/types\/product"}],"replies":[{"embeddable":true,"href":"https:\/\/grupotextil.es\/ca\/wp-json\/wp\/v2\/comments?post=216579"}],"wp:featuredmedia":[{"embeddable":true,"href":"https:\/\/grupotextil.es\/ca\/wp-json\/wp\/v2\/media\/216580"}],"wp:attachment":[{"href":"https:\/\/grupotextil.es\/ca\/wp-json\/wp\/v2\/media?parent=216579"}],"wp:term":[{"taxonomy":"product_brand","embeddable":true,"href":"https:\/\/grupotextil.es\/ca\/wp-json\/wp\/v2\/product_brand?post=216579"},{"taxonomy":"product_cat","embeddable":true,"href":"https:\/\/grupotextil.es\/ca\/wp-json\/wp\/v2\/product_cat?post=216579"},{"taxonomy":"product_tag","embeddable":true,"href":"https:\/\/grupotextil.es\/ca\/wp-json\/wp\/v2\/product_tag?post=216579"}],"curies":[{"name":"wp","href":"https:\/\/api.w.org\/{rel}","templated":true}]}}