{"id":216585,"date":"2026-03-04T03:31:42","date_gmt":"2026-03-04T02:31:42","guid":{"rendered":"https:\/\/grupotextil.es\/producto\/botellero-de-madera-stamina-alsac-1134\/"},"modified":"2026-03-04T06:15:21","modified_gmt":"2026-03-04T05:15:21","slug":"botellero-de-madera-stamina-alsac-1134","status":"publish","type":"product","link":"https:\/\/grupotextil.es\/ca\/product\/botellero-de-madera-stamina-alsac-1134\/","title":{"rendered":"Botellero de Madera Stamina Alsac 1134"},"content":{"rendered":"<p>El botellero elaborado con bamb\u00fa es un accesorio pr\u00e1ctico y est\u00e9tico para exhibir y almacenar tus botellas de forma segura. Con capacidad para 3 botellas, este botellero te permite organizar y mostrar tus bebidas favoritas de manera elegante. Su dise\u00f1o compacto combina funcionalidad y naturalidad. Adem\u00e1s, se puede plegar, pudi\u00e9ndose guardar con mayor facilidad.<\/p>","protected":false},"excerpt":{"rendered":"<p>El botellero elaborado con bamb\u00fa es un accesorio pr\u00e1ctico y est\u00e9tico para exhibir y almacenar tus botellas de forma segura. Con capacidad para 3 botellas, este botellero te permite organizar y mostrar tus bebidas favoritas de manera elegante. Su dise\u00f1o compacto combina funcionalidad y naturalidad. Adem\u00e1s, se puede plegar, pudi\u00e9ndose guardar con mayor facilidad.<\/p>","protected":false},"featured_media":216586,"comment_status":"open","ping_status":"closed","template":"","meta":{"_acf_changed":false},"product_brand":[14012],"product_cat":[14006,13971],"product_tag":[],"class_list":{"0":"post-216585","1":"product","2":"type-product","3":"status-publish","4":"has-post-thumbnail","6":"product_brand-stamina","7":"product_cat-acc-merchandising","8":"product_cat-mr-tazas","9":"tm-no-options","11":"first","12":"instock","13":"taxable","14":"shipping-taxable","15":"product-type-variable"},"acf":[],"_links":{"self":[{"href":"https:\/\/grupotextil.es\/ca\/wp-json\/wp\/v2\/product\/216585","targetHints":{"allow":["GET"]}}],"collection":[{"href":"https:\/\/grupotextil.es\/ca\/wp-json\/wp\/v2\/product"}],"about":[{"href":"https:\/\/grupotextil.es\/ca\/wp-json\/wp\/v2\/types\/product"}],"replies":[{"embeddable":true,"href":"https:\/\/grupotextil.es\/ca\/wp-json\/wp\/v2\/comments?post=216585"}],"wp:featuredmedia":[{"embeddable":true,"href":"https:\/\/grupotextil.es\/ca\/wp-json\/wp\/v2\/media\/216586"}],"wp:attachment":[{"href":"https:\/\/grupotextil.es\/ca\/wp-json\/wp\/v2\/media?parent=216585"}],"wp:term":[{"taxonomy":"product_brand","embeddable":true,"href":"https:\/\/grupotextil.es\/ca\/wp-json\/wp\/v2\/product_brand?post=216585"},{"taxonomy":"product_cat","embeddable":true,"href":"https:\/\/grupotextil.es\/ca\/wp-json\/wp\/v2\/product_cat?post=216585"},{"taxonomy":"product_tag","embeddable":true,"href":"https:\/\/grupotextil.es\/ca\/wp-json\/wp\/v2\/product_tag?post=216585"}],"curies":[{"name":"wp","href":"https:\/\/api.w.org\/{rel}","templated":true}]}}