{"id":216608,"date":"2026-03-04T03:32:15","date_gmt":"2026-03-04T02:32:15","guid":{"rendered":"https:\/\/grupotextil.es\/producto\/mochila-con-bolsillo-para-portatil-y-puerto-usb-stamina-volpex-1155\/"},"modified":"2026-03-04T06:15:21","modified_gmt":"2026-03-04T05:15:21","slug":"mochila-con-bolsillo-para-portatil-y-puerto-usb-stamina-volpex-1155","status":"publish","type":"product","link":"https:\/\/grupotextil.es\/ca\/product\/mochila-con-bolsillo-para-portatil-y-puerto-usb-stamina-volpex-1155\/","title":{"rendered":"Mochila con Bolsillo para Port\u00e1til y Puerto USB Stamina Volpex 1155"},"content":{"rendered":"<p><strong>PRODUCTO QUE SE DESCATALOGAR\u00c1 CUANDO SE AGOTEN LAS EXISTENCIAS<\/strong> \u2013 Mochila portadocumentos realizada en poli\u00e9ster reciclado RPET de 300D con dise\u00f1o vigor\u00e9 combina estilo, funcionalidad y sostenibilidad. Est\u00e1 fabricada con materiales reciclados, y cuenta con asas y la espalda acolchados. El compartimento principal se encuentra acolchado para llevar tu port\u00e1til de 13\u2033 o Tablet. Adem\u00e1s, cuenta con un pr\u00e1ctico puerto USB para conectar tu Powerbank (no incluido), permiti\u00e9ndote cargar tus dispositivos electr\u00f3nicos sobre la marcha. Cuenta con cinta para trolley.<\/p>","protected":false},"excerpt":{"rendered":"<p><strong>PRODUCTO QUE SE DESCATALOGAR\u00c1 CUANDO SE AGOTEN LAS EXISTENCIAS<\/strong> \u2013 Mochila portadocumentos realizada en poli\u00e9ster reciclado RPET de 300D con dise\u00f1o vigor\u00e9 combina estilo, funcionalidad y sostenibilidad. Est\u00e1 fabricada con materiales reciclados, y cuenta con asas y la espalda acolchados. El compartimento principal se encuentra acolchado para llevar tu port\u00e1til de 13\u2033 o Tablet. Adem\u00e1s, cuenta con un pr\u00e1ctico puerto USB para conectar tu Powerbank (no incluido), permiti\u00e9ndote cargar tus dispositivos electr\u00f3nicos sobre la marcha. Cuenta con cinta para trolley.<\/p>","protected":false},"featured_media":216609,"comment_status":"open","ping_status":"closed","template":"","meta":{"_acf_changed":false},"product_brand":[14012],"product_cat":[13948,14008,9841],"product_tag":[],"class_list":{"0":"post-216608","1":"product","2":"type-product","3":"status-publish","4":"has-post-thumbnail","6":"product_brand-stamina","7":"product_cat-accesorios","8":"product_cat-accesorios-reciclados","9":"product_cat-sostenible","10":"tm-no-options","12":"first","13":"instock","14":"taxable","15":"shipping-taxable","16":"product-type-variable"},"acf":[],"_links":{"self":[{"href":"https:\/\/grupotextil.es\/ca\/wp-json\/wp\/v2\/product\/216608","targetHints":{"allow":["GET"]}}],"collection":[{"href":"https:\/\/grupotextil.es\/ca\/wp-json\/wp\/v2\/product"}],"about":[{"href":"https:\/\/grupotextil.es\/ca\/wp-json\/wp\/v2\/types\/product"}],"replies":[{"embeddable":true,"href":"https:\/\/grupotextil.es\/ca\/wp-json\/wp\/v2\/comments?post=216608"}],"wp:featuredmedia":[{"embeddable":true,"href":"https:\/\/grupotextil.es\/ca\/wp-json\/wp\/v2\/media\/216609"}],"wp:attachment":[{"href":"https:\/\/grupotextil.es\/ca\/wp-json\/wp\/v2\/media?parent=216608"}],"wp:term":[{"taxonomy":"product_brand","embeddable":true,"href":"https:\/\/grupotextil.es\/ca\/wp-json\/wp\/v2\/product_brand?post=216608"},{"taxonomy":"product_cat","embeddable":true,"href":"https:\/\/grupotextil.es\/ca\/wp-json\/wp\/v2\/product_cat?post=216608"},{"taxonomy":"product_tag","embeddable":true,"href":"https:\/\/grupotextil.es\/ca\/wp-json\/wp\/v2\/product_tag?post=216608"}],"curies":[{"name":"wp","href":"https:\/\/api.w.org\/{rel}","templated":true}]}}