{"id":216634,"date":"2026-03-04T03:32:52","date_gmt":"2026-03-04T02:32:52","guid":{"rendered":"https:\/\/grupotextil.es\/producto\/mochila-con-bolsillo-para-portatil-stamina-patrik-1236\/"},"modified":"2026-03-04T06:15:21","modified_gmt":"2026-03-04T05:15:21","slug":"mochila-con-bolsillo-para-portatil-stamina-patrik-1236","status":"publish","type":"product","link":"https:\/\/grupotextil.es\/ca\/product\/mochila-con-bolsillo-para-portatil-stamina-patrik-1236\/","title":{"rendered":"Mochila con Bolsillo para Port\u00e1til Stamina Patrik 1236"},"content":{"rendered":"<p>Mochila ejecutiva elaborada en poli\u00e9ster reciclado RPET 300D con dise\u00f1o vigor\u00e9, confeccionada con materiales reciclados. El cuerpo y el bolsillo interior principal est\u00e1n acolchados optimizados para el transporte y protecci\u00f3n de tu port\u00e1til de 13\u2033 o Tablet. Adem\u00e1s, cuenta con un triple compartimento y bolsillos interiores con sujeci\u00f3n el\u00e1stica de peque\u00f1o almacenamiento. Tambi\u00e9n cuenta con asas y la espalda acolchadas para mayor confort, cinta para trolley para mayor versatilidad en el transporte y compartimentos laterales para almacenamiento de botellas.<\/p>","protected":false},"excerpt":{"rendered":"<p>Mochila ejecutiva elaborada en poli\u00e9ster reciclado RPET 300D con dise\u00f1o vigor\u00e9, confeccionada con materiales reciclados. El cuerpo y el bolsillo interior principal est\u00e1n acolchados optimizados para el transporte y protecci\u00f3n de tu port\u00e1til de 13\u2033 o Tablet. Adem\u00e1s, cuenta con un triple compartimento y bolsillos interiores con sujeci\u00f3n el\u00e1stica de peque\u00f1o almacenamiento. Tambi\u00e9n cuenta con asas y la espalda acolchadas para mayor confort, cinta para trolley para mayor versatilidad en el transporte y compartimentos laterales para almacenamiento de botellas.<\/p>","protected":false},"featured_media":216635,"comment_status":"open","ping_status":"closed","template":"","meta":{"_acf_changed":false},"product_brand":[14012],"product_cat":[13948,14008,9841],"product_tag":[],"class_list":{"0":"post-216634","1":"product","2":"type-product","3":"status-publish","4":"has-post-thumbnail","6":"product_brand-stamina","7":"product_cat-accesorios","8":"product_cat-accesorios-reciclados","9":"product_cat-sostenible","10":"tm-no-options","12":"first","13":"instock","14":"taxable","15":"shipping-taxable","16":"product-type-variable"},"acf":[],"_links":{"self":[{"href":"https:\/\/grupotextil.es\/ca\/wp-json\/wp\/v2\/product\/216634","targetHints":{"allow":["GET"]}}],"collection":[{"href":"https:\/\/grupotextil.es\/ca\/wp-json\/wp\/v2\/product"}],"about":[{"href":"https:\/\/grupotextil.es\/ca\/wp-json\/wp\/v2\/types\/product"}],"replies":[{"embeddable":true,"href":"https:\/\/grupotextil.es\/ca\/wp-json\/wp\/v2\/comments?post=216634"}],"wp:featuredmedia":[{"embeddable":true,"href":"https:\/\/grupotextil.es\/ca\/wp-json\/wp\/v2\/media\/216635"}],"wp:attachment":[{"href":"https:\/\/grupotextil.es\/ca\/wp-json\/wp\/v2\/media?parent=216634"}],"wp:term":[{"taxonomy":"product_brand","embeddable":true,"href":"https:\/\/grupotextil.es\/ca\/wp-json\/wp\/v2\/product_brand?post=216634"},{"taxonomy":"product_cat","embeddable":true,"href":"https:\/\/grupotextil.es\/ca\/wp-json\/wp\/v2\/product_cat?post=216634"},{"taxonomy":"product_tag","embeddable":true,"href":"https:\/\/grupotextil.es\/ca\/wp-json\/wp\/v2\/product_tag?post=216634"}],"curies":[{"name":"wp","href":"https:\/\/api.w.org\/{rel}","templated":true}]}}