{"id":216668,"date":"2026-03-04T03:33:36","date_gmt":"2026-03-04T02:33:36","guid":{"rendered":"https:\/\/grupotextil.es\/producto\/neceser-multiusos-stamina-yuri-1158\/"},"modified":"2026-03-04T06:15:22","modified_gmt":"2026-03-04T05:15:22","slug":"neceser-multiusos-stamina-yuri-1158","status":"publish","type":"product","link":"https:\/\/grupotextil.es\/ca\/product\/neceser-multiusos-stamina-yuri-1158\/","title":{"rendered":"Neceser Multiusos Stamina Yuri 1158"},"content":{"rendered":"<p>El neceser multiusos realizado en poli\u00e9ster reciclado RPET 300D con dise\u00f1o vigor\u00e9 es la soluci\u00f3n perfecta para mantener tus productos de uso personal organizados y accesibles.<br \/>\nFabricado con poli\u00e9ster reciclado RPET 300D, este neceser es una opci\u00f3n responsable que contribuye a la reducci\u00f3n de residuos y al cuidado del medio ambiente. Su dise\u00f1o vigor\u00e9 le a\u00f1ade un toque moderno y atractivo.<br \/>\nEl interior del neceser cuenta con tres compartimentos espaciosos, dise\u00f1ados especialmente para guardar y organizar tus productos de uso personal, como cosm\u00e9ticos, cepillos, peines, cremas, y mucho m\u00e1s. Cada compartimento tiene el tama\u00f1o perfecto para acomodar tus art\u00edculos de forma segura.<\/p>\n<p>Ya sea para viajes, para llevar en tu bolso o para tener en casa, este neceser multiusos te brinda la practicidad y la organizaci\u00f3n que necesitas. Elige una opci\u00f3n sostenible y funcional con el neceser multiusos realizado en poli\u00e9ster reciclado RPET 300D con dise\u00f1o vigor\u00e9.<\/p>","protected":false},"excerpt":{"rendered":"<p>El neceser multiusos realizado en poli\u00e9ster reciclado RPET 300D con dise\u00f1o vigor\u00e9 es la soluci\u00f3n perfecta para mantener tus productos de uso personal organizados y accesibles.<br \/>\nFabricado con poli\u00e9ster reciclado RPET 300D, este neceser es una opci\u00f3n responsable que contribuye a la reducci\u00f3n de residuos y al cuidado del medio ambiente. Su dise\u00f1o vigor\u00e9 le a\u00f1ade un toque moderno y atractivo.<br \/>\nEl interior del neceser cuenta con tres compartimentos espaciosos, dise\u00f1ados especialmente para guardar y organizar tus productos de uso personal, como cosm\u00e9ticos, cepillos, peines, cremas, y mucho m\u00e1s. Cada compartimento tiene el tama\u00f1o perfecto para acomodar tus art\u00edculos de forma segura.<\/p>\n<p>Ya sea para viajes, para llevar en tu bolso o para tener en casa, este neceser multiusos te brinda la practicidad y la organizaci\u00f3n que necesitas. Elige una opci\u00f3n sostenible y funcional con el neceser multiusos realizado en poli\u00e9ster reciclado RPET 300D con dise\u00f1o vigor\u00e9.<\/p>","protected":false},"featured_media":216669,"comment_status":"open","ping_status":"closed","template":"","meta":{"_acf_changed":false},"product_brand":[14012],"product_cat":[13948],"product_tag":[],"class_list":{"0":"post-216668","1":"product","2":"type-product","3":"status-publish","4":"has-post-thumbnail","6":"product_brand-stamina","7":"product_cat-accesorios","8":"tm-no-options","10":"first","11":"instock","12":"taxable","13":"shipping-taxable","14":"product-type-variable"},"acf":[],"_links":{"self":[{"href":"https:\/\/grupotextil.es\/ca\/wp-json\/wp\/v2\/product\/216668","targetHints":{"allow":["GET"]}}],"collection":[{"href":"https:\/\/grupotextil.es\/ca\/wp-json\/wp\/v2\/product"}],"about":[{"href":"https:\/\/grupotextil.es\/ca\/wp-json\/wp\/v2\/types\/product"}],"replies":[{"embeddable":true,"href":"https:\/\/grupotextil.es\/ca\/wp-json\/wp\/v2\/comments?post=216668"}],"wp:featuredmedia":[{"embeddable":true,"href":"https:\/\/grupotextil.es\/ca\/wp-json\/wp\/v2\/media\/216669"}],"wp:attachment":[{"href":"https:\/\/grupotextil.es\/ca\/wp-json\/wp\/v2\/media?parent=216668"}],"wp:term":[{"taxonomy":"product_brand","embeddable":true,"href":"https:\/\/grupotextil.es\/ca\/wp-json\/wp\/v2\/product_brand?post=216668"},{"taxonomy":"product_cat","embeddable":true,"href":"https:\/\/grupotextil.es\/ca\/wp-json\/wp\/v2\/product_cat?post=216668"},{"taxonomy":"product_tag","embeddable":true,"href":"https:\/\/grupotextil.es\/ca\/wp-json\/wp\/v2\/product_tag?post=216668"}],"curies":[{"name":"wp","href":"https:\/\/api.w.org\/{rel}","templated":true}]}}