{"id":216702,"date":"2026-03-04T03:34:22","date_gmt":"2026-03-04T02:34:22","guid":{"rendered":"https:\/\/grupotextil.es\/producto\/bateria-externa-stamina-kasim-1080\/"},"modified":"2026-03-04T06:15:22","modified_gmt":"2026-03-04T05:15:22","slug":"bateria-externa-stamina-kasim-1080","status":"publish","type":"product","link":"https:\/\/grupotextil.es\/ca\/product\/bateria-externa-stamina-kasim-1080\/","title":{"rendered":"Bater\u00eda Externa Stamina Kasim 1080"},"content":{"rendered":"<p>La bater\u00eda externa de fibra de trigo y bamb\u00fa es una opci\u00f3n ecol\u00f3gica y pr\u00e1ctica para cargar tus dispositivos m\u00f3viles sobre la marcha. Con su capacidad de 5000 mAh, esta bater\u00eda proporciona la energ\u00eda necesaria para mantener tus dispositivos funcionando cuando m\u00e1s lo necesitas.<br \/>\nLa carcasa de fibra de trigo y bamb\u00fa le da a esta bater\u00eda un aspecto natural y sostenible. Es una alternativa respetuosa con el medio ambiente a las bater\u00edas convencionales de pl\u00e1stico.<br \/>\nLa bater\u00eda cuenta con un indicador de carga LED, que te permite conocer f\u00e1cilmente el nivel de carga restante. As\u00ed podr\u00e1s saber cu\u00e1ndo es el momento de recargarla y asegurarte de que siempre est\u00e9 lista para usar.<br \/>\nCon una salida de corriente de DC5V\/2.1A, esta bater\u00eda externa te ofrece una carga r\u00e1pida y eficiente para tus dispositivos. Podr\u00e1s cargar tu smartphone, tablet u otros dispositivos compatibles de manera r\u00e1pida y conveniente.<br \/>\nLa bater\u00eda externa incluye un cable Tipo C, lo que te proporciona una conexi\u00f3n universal para cargar tus dispositivos. No tendr\u00e1s que preocuparte por llevar cables adicionales, ya que este cable cubre tus necesidades de carga.<br \/>\nEl producto se presenta en una caja de dise\u00f1o ecol\u00f3gico, lo que refuerza su compromiso con la sostenibilidad y el cuidado del medio ambiente. Es una elecci\u00f3n perfecta para aquellos que buscan productos que combinen funcionalidad y responsabilidad ambiental.<\/p>","protected":false},"excerpt":{"rendered":"<p>La bater\u00eda externa de fibra de trigo y bamb\u00fa es una opci\u00f3n ecol\u00f3gica y pr\u00e1ctica para cargar tus dispositivos m\u00f3viles sobre la marcha. Con su capacidad de 5000 mAh, esta bater\u00eda proporciona la energ\u00eda necesaria para mantener tus dispositivos funcionando cuando m\u00e1s lo necesitas.<br \/>\nLa carcasa de fibra de trigo y bamb\u00fa le da a esta bater\u00eda un aspecto natural y sostenible. Es una alternativa respetuosa con el medio ambiente a las bater\u00edas convencionales de pl\u00e1stico.<br \/>\nLa bater\u00eda cuenta con un indicador de carga LED, que te permite conocer f\u00e1cilmente el nivel de carga restante. As\u00ed podr\u00e1s saber cu\u00e1ndo es el momento de recargarla y asegurarte de que siempre est\u00e9 lista para usar.<br \/>\nCon una salida de corriente de DC5V\/2.1A, esta bater\u00eda externa te ofrece una carga r\u00e1pida y eficiente para tus dispositivos. Podr\u00e1s cargar tu smartphone, tablet u otros dispositivos compatibles de manera r\u00e1pida y conveniente.<br \/>\nLa bater\u00eda externa incluye un cable Tipo C, lo que te proporciona una conexi\u00f3n universal para cargar tus dispositivos. No tendr\u00e1s que preocuparte por llevar cables adicionales, ya que este cable cubre tus necesidades de carga.<br \/>\nEl producto se presenta en una caja de dise\u00f1o ecol\u00f3gico, lo que refuerza su compromiso con la sostenibilidad y el cuidado del medio ambiente. Es una elecci\u00f3n perfecta para aquellos que buscan productos que combinen funcionalidad y responsabilidad ambiental.<\/p>","protected":false},"featured_media":216703,"comment_status":"open","ping_status":"closed","template":"","meta":{"_acf_changed":false},"product_brand":[14012],"product_cat":[14006,13959],"product_tag":[],"class_list":{"0":"post-216702","1":"product","2":"type-product","3":"status-publish","4":"has-post-thumbnail","6":"product_brand-stamina","7":"product_cat-acc-merchandising","8":"product_cat-mr-tecnologia","9":"tm-no-options","11":"first","12":"instock","13":"taxable","14":"shipping-taxable","15":"product-type-variable"},"acf":[],"_links":{"self":[{"href":"https:\/\/grupotextil.es\/ca\/wp-json\/wp\/v2\/product\/216702","targetHints":{"allow":["GET"]}}],"collection":[{"href":"https:\/\/grupotextil.es\/ca\/wp-json\/wp\/v2\/product"}],"about":[{"href":"https:\/\/grupotextil.es\/ca\/wp-json\/wp\/v2\/types\/product"}],"replies":[{"embeddable":true,"href":"https:\/\/grupotextil.es\/ca\/wp-json\/wp\/v2\/comments?post=216702"}],"wp:featuredmedia":[{"embeddable":true,"href":"https:\/\/grupotextil.es\/ca\/wp-json\/wp\/v2\/media\/216703"}],"wp:attachment":[{"href":"https:\/\/grupotextil.es\/ca\/wp-json\/wp\/v2\/media?parent=216702"}],"wp:term":[{"taxonomy":"product_brand","embeddable":true,"href":"https:\/\/grupotextil.es\/ca\/wp-json\/wp\/v2\/product_brand?post=216702"},{"taxonomy":"product_cat","embeddable":true,"href":"https:\/\/grupotextil.es\/ca\/wp-json\/wp\/v2\/product_cat?post=216702"},{"taxonomy":"product_tag","embeddable":true,"href":"https:\/\/grupotextil.es\/ca\/wp-json\/wp\/v2\/product_tag?post=216702"}],"curies":[{"name":"wp","href":"https:\/\/api.w.org\/{rel}","templated":true}]}}