{"id":216709,"date":"2026-03-04T03:34:31","date_gmt":"2026-03-04T02:34:31","guid":{"rendered":"https:\/\/grupotextil.es\/producto\/bateria-externa-de-bambu-y-corcho-stamina-kobe-1211\/"},"modified":"2026-03-04T06:15:22","modified_gmt":"2026-03-04T05:15:22","slug":"bateria-externa-de-bambu-y-corcho-stamina-kobe-1211","status":"publish","type":"product","link":"https:\/\/grupotextil.es\/ca\/product\/bateria-externa-de-bambu-y-corcho-stamina-kobe-1211\/","title":{"rendered":"Bater\u00eda Externa de Bamb\u00fa y Corcho Stamina Kobe 1211"},"content":{"rendered":"<p>La bater\u00eda externa de 5000 mAh con cuerpo de corcho y bamb\u00fa es una opci\u00f3n ecoamigable y potente para mantener tus dispositivos cargados en cualquier momento y lugar. Con su capacidad de 10000 mAh, podr\u00e1s cargar tus dispositivos m\u00faltiples veces sin preocuparte por la falta de energ\u00eda.<\/p>\n<p>Esta bater\u00eda externa cuenta con una salida USB y Tipo C, lo que te permite cargar diferentes dispositivos simult\u00e1neamente y de forma r\u00e1pida y eficiente.<br \/>\nAdem\u00e1s de su funcionalidad con cable, esta bater\u00eda externa es compatible con dispositivos habilitados para tecnolog\u00eda inal\u00e1mbrica, lo que significa que puedes cargar tus dispositivos sin cables desordenados.<\/p>\n<p>Incluye un cable Tipo C para una f\u00e1cil conexi\u00f3n y carga. La presentaci\u00f3n de la bater\u00eda externa se realiza en una caja dise\u00f1o eco, en l\u00ednea con su enfoque en la sostenibilidad y el cuidado del medio ambiente.<\/p>\n<p>Con la bater\u00eda externa de 5000 mAh con cuerpo de corcho y bamb\u00fa, podr\u00e1s mantener tus dispositivos cargados y listos para usar, mientras demuestras tu compromiso con un estilo de vida m\u00e1s sostenible.<\/p>","protected":false},"excerpt":{"rendered":"<p>La bater\u00eda externa de 5000 mAh con cuerpo de corcho y bamb\u00fa es una opci\u00f3n ecoamigable y potente para mantener tus dispositivos cargados en cualquier momento y lugar. Con su capacidad de 10000 mAh, podr\u00e1s cargar tus dispositivos m\u00faltiples veces sin preocuparte por la falta de energ\u00eda.<\/p>\n<p>Esta bater\u00eda externa cuenta con una salida USB y Tipo C, lo que te permite cargar diferentes dispositivos simult\u00e1neamente y de forma r\u00e1pida y eficiente.<br \/>\nAdem\u00e1s de su funcionalidad con cable, esta bater\u00eda externa es compatible con dispositivos habilitados para tecnolog\u00eda inal\u00e1mbrica, lo que significa que puedes cargar tus dispositivos sin cables desordenados.<\/p>\n<p>Incluye un cable Tipo C para una f\u00e1cil conexi\u00f3n y carga. La presentaci\u00f3n de la bater\u00eda externa se realiza en una caja dise\u00f1o eco, en l\u00ednea con su enfoque en la sostenibilidad y el cuidado del medio ambiente.<\/p>\n<p>Con la bater\u00eda externa de 5000 mAh con cuerpo de corcho y bamb\u00fa, podr\u00e1s mantener tus dispositivos cargados y listos para usar, mientras demuestras tu compromiso con un estilo de vida m\u00e1s sostenible.<\/p>","protected":false},"featured_media":216710,"comment_status":"open","ping_status":"closed","template":"","meta":{"_acf_changed":false},"product_brand":[14012],"product_cat":[14006,13959],"product_tag":[],"class_list":{"0":"post-216709","1":"product","2":"type-product","3":"status-publish","4":"has-post-thumbnail","6":"product_brand-stamina","7":"product_cat-acc-merchandising","8":"product_cat-mr-tecnologia","9":"tm-no-options","11":"first","12":"instock","13":"taxable","14":"shipping-taxable","15":"product-type-variable"},"acf":[],"_links":{"self":[{"href":"https:\/\/grupotextil.es\/ca\/wp-json\/wp\/v2\/product\/216709","targetHints":{"allow":["GET"]}}],"collection":[{"href":"https:\/\/grupotextil.es\/ca\/wp-json\/wp\/v2\/product"}],"about":[{"href":"https:\/\/grupotextil.es\/ca\/wp-json\/wp\/v2\/types\/product"}],"replies":[{"embeddable":true,"href":"https:\/\/grupotextil.es\/ca\/wp-json\/wp\/v2\/comments?post=216709"}],"wp:featuredmedia":[{"embeddable":true,"href":"https:\/\/grupotextil.es\/ca\/wp-json\/wp\/v2\/media\/216710"}],"wp:attachment":[{"href":"https:\/\/grupotextil.es\/ca\/wp-json\/wp\/v2\/media?parent=216709"}],"wp:term":[{"taxonomy":"product_brand","embeddable":true,"href":"https:\/\/grupotextil.es\/ca\/wp-json\/wp\/v2\/product_brand?post=216709"},{"taxonomy":"product_cat","embeddable":true,"href":"https:\/\/grupotextil.es\/ca\/wp-json\/wp\/v2\/product_cat?post=216709"},{"taxonomy":"product_tag","embeddable":true,"href":"https:\/\/grupotextil.es\/ca\/wp-json\/wp\/v2\/product_tag?post=216709"}],"curies":[{"name":"wp","href":"https:\/\/api.w.org\/{rel}","templated":true}]}}