{"id":216796,"date":"2026-03-04T03:36:15","date_gmt":"2026-03-04T02:36:15","guid":{"rendered":"https:\/\/grupotextil.es\/producto\/cargador-inalambrico-de-aluminio-reciclado-stamina-wudy-1060\/"},"modified":"2026-03-04T06:15:23","modified_gmt":"2026-03-04T05:15:23","slug":"cargador-inalambrico-de-aluminio-reciclado-stamina-wudy-1060","status":"publish","type":"product","link":"https:\/\/grupotextil.es\/ca\/product\/cargador-inalambrico-de-aluminio-reciclado-stamina-wudy-1060\/","title":{"rendered":"Cargador Inal\u00e1mbrico de Aluminio Reciclado Stamina Wudy 1060"},"content":{"rendered":"<p>Cargador inal\u00e1mbrico magn\u00e9tico fabricado en un aluminio reciclado. Potencia de carga de 15W. Con funci\u00f3n magn\u00e9tica en el borde del aro. Compatible con dispositivos m\u00f3viles que admiten tecnolog\u00eda de carga inal\u00e1mbrica. Con conexi\u00f3n mediante cable Tipo C, integrado.<\/p>\n<p>&nbsp;<\/p>","protected":false},"excerpt":{"rendered":"<p>Cargador inal\u00e1mbrico magn\u00e9tico fabricado en un aluminio reciclado. Potencia de carga de 15W. Con funci\u00f3n magn\u00e9tica en el borde del aro. Compatible con dispositivos m\u00f3viles que admiten tecnolog\u00eda de carga inal\u00e1mbrica. Con conexi\u00f3n mediante cable Tipo C, integrado.<\/p>\n<p>&nbsp;<\/p>","protected":false},"featured_media":216797,"comment_status":"open","ping_status":"closed","template":"","meta":{"_acf_changed":false},"product_brand":[14012],"product_cat":[14006,13959],"product_tag":[],"class_list":{"0":"post-216796","1":"product","2":"type-product","3":"status-publish","4":"has-post-thumbnail","6":"product_brand-stamina","7":"product_cat-acc-merchandising","8":"product_cat-mr-tecnologia","9":"tm-no-options","11":"first","12":"instock","13":"taxable","14":"shipping-taxable","15":"product-type-variable"},"acf":[],"_links":{"self":[{"href":"https:\/\/grupotextil.es\/ca\/wp-json\/wp\/v2\/product\/216796","targetHints":{"allow":["GET"]}}],"collection":[{"href":"https:\/\/grupotextil.es\/ca\/wp-json\/wp\/v2\/product"}],"about":[{"href":"https:\/\/grupotextil.es\/ca\/wp-json\/wp\/v2\/types\/product"}],"replies":[{"embeddable":true,"href":"https:\/\/grupotextil.es\/ca\/wp-json\/wp\/v2\/comments?post=216796"}],"wp:featuredmedia":[{"embeddable":true,"href":"https:\/\/grupotextil.es\/ca\/wp-json\/wp\/v2\/media\/216797"}],"wp:attachment":[{"href":"https:\/\/grupotextil.es\/ca\/wp-json\/wp\/v2\/media?parent=216796"}],"wp:term":[{"taxonomy":"product_brand","embeddable":true,"href":"https:\/\/grupotextil.es\/ca\/wp-json\/wp\/v2\/product_brand?post=216796"},{"taxonomy":"product_cat","embeddable":true,"href":"https:\/\/grupotextil.es\/ca\/wp-json\/wp\/v2\/product_cat?post=216796"},{"taxonomy":"product_tag","embeddable":true,"href":"https:\/\/grupotextil.es\/ca\/wp-json\/wp\/v2\/product_tag?post=216796"}],"curies":[{"name":"wp","href":"https:\/\/api.w.org\/{rel}","templated":true}]}}