{"id":216867,"date":"2026-03-04T03:37:43","date_gmt":"2026-03-04T02:37:43","guid":{"rendered":"https:\/\/grupotextil.es\/producto\/cargador-inalambrico-con-bandeja-organizadora-stamina-cosmic-1210\/"},"modified":"2026-03-04T06:15:24","modified_gmt":"2026-03-04T05:15:24","slug":"cargador-inalambrico-con-bandeja-organizadora-stamina-cosmic-1210","status":"publish","type":"product","link":"https:\/\/grupotextil.es\/ca\/product\/cargador-inalambrico-con-bandeja-organizadora-stamina-cosmic-1210\/","title":{"rendered":"Cargador Inal\u00e1mbrico con Bandeja Organizadora Stamina Cosmic 1210"},"content":{"rendered":"<p><strong>PRODUCTO QUE SE DESCATALOGAR\u00c1 CUANDO SE AGOTEN LAS EXISTENCIAS<\/strong> \u2013 Cargador con superficie para carga inal\u00e1mbrica elaborada en bamb\u00fa, integrado en bandeja organizadora de corcho. Potencia de carga de 10W. Compatible con dispositivos provistos tecnolog\u00eda para inal\u00e1mbrica.<\/p>","protected":false},"excerpt":{"rendered":"<p><strong>PRODUCTO QUE SE DESCATALOGAR\u00c1 CUANDO SE AGOTEN LAS EXISTENCIAS<\/strong> \u2013 Cargador con superficie para carga inal\u00e1mbrica elaborada en bamb\u00fa, integrado en bandeja organizadora de corcho. Potencia de carga de 10W. Compatible con dispositivos provistos tecnolog\u00eda para inal\u00e1mbrica.<\/p>","protected":false},"featured_media":216868,"comment_status":"open","ping_status":"closed","template":"","meta":{"_acf_changed":false},"product_brand":[14012],"product_cat":[14006,13959],"product_tag":[],"class_list":{"0":"post-216867","1":"product","2":"type-product","3":"status-publish","4":"has-post-thumbnail","6":"product_brand-stamina","7":"product_cat-acc-merchandising","8":"product_cat-mr-tecnologia","9":"tm-no-options","11":"first","12":"instock","13":"taxable","14":"shipping-taxable","15":"product-type-variable"},"acf":[],"_links":{"self":[{"href":"https:\/\/grupotextil.es\/ca\/wp-json\/wp\/v2\/product\/216867","targetHints":{"allow":["GET"]}}],"collection":[{"href":"https:\/\/grupotextil.es\/ca\/wp-json\/wp\/v2\/product"}],"about":[{"href":"https:\/\/grupotextil.es\/ca\/wp-json\/wp\/v2\/types\/product"}],"replies":[{"embeddable":true,"href":"https:\/\/grupotextil.es\/ca\/wp-json\/wp\/v2\/comments?post=216867"}],"wp:featuredmedia":[{"embeddable":true,"href":"https:\/\/grupotextil.es\/ca\/wp-json\/wp\/v2\/media\/216868"}],"wp:attachment":[{"href":"https:\/\/grupotextil.es\/ca\/wp-json\/wp\/v2\/media?parent=216867"}],"wp:term":[{"taxonomy":"product_brand","embeddable":true,"href":"https:\/\/grupotextil.es\/ca\/wp-json\/wp\/v2\/product_brand?post=216867"},{"taxonomy":"product_cat","embeddable":true,"href":"https:\/\/grupotextil.es\/ca\/wp-json\/wp\/v2\/product_cat?post=216867"},{"taxonomy":"product_tag","embeddable":true,"href":"https:\/\/grupotextil.es\/ca\/wp-json\/wp\/v2\/product_tag?post=216867"}],"curies":[{"name":"wp","href":"https:\/\/api.w.org\/{rel}","templated":true}]}}