{"id":216875,"date":"2026-03-04T03:37:53","date_gmt":"2026-03-04T02:37:53","guid":{"rendered":"https:\/\/grupotextil.es\/producto\/soporte-para-movil-con-cargador-inalambrico-zicum-1247\/"},"modified":"2026-03-04T06:15:24","modified_gmt":"2026-03-04T05:15:24","slug":"soporte-para-movil-con-cargador-inalambrico-zicum-1247","status":"publish","type":"product","link":"https:\/\/grupotextil.es\/ca\/product\/soporte-para-movil-con-cargador-inalambrico-zicum-1247\/","title":{"rendered":"Soporte para M\u00f3vil con Cargador Inal\u00e1mbrico Zicum 1247"},"content":{"rendered":"<p>Soporte plegable para dispositivos con cuerpo elaborado en ABS blanco y superficie de soporte superior en bamb\u00fa. Es ajustable, lo que te permite colocar tu dispositivo en el \u00e1ngulo m\u00e1s c\u00f3modo. Con carga r\u00e1pida con potencia de 15 W en la base. Compatible con dispositivos provistos de esta tecnolog\u00eda de carga. Puerto de conexi\u00f3n tipo C. La base del soporte est\u00e1 equipada con una superficie antideslizante de goma. Con indicador luminoso de confirmaci\u00f3n de carga.<\/p>","protected":false},"excerpt":{"rendered":"<p>Soporte plegable para dispositivos con cuerpo elaborado en ABS blanco y superficie de soporte superior en bamb\u00fa. Es ajustable, lo que te permite colocar tu dispositivo en el \u00e1ngulo m\u00e1s c\u00f3modo. Con carga r\u00e1pida con potencia de 15 W en la base. Compatible con dispositivos provistos de esta tecnolog\u00eda de carga. Puerto de conexi\u00f3n tipo C. La base del soporte est\u00e1 equipada con una superficie antideslizante de goma. Con indicador luminoso de confirmaci\u00f3n de carga.<\/p>","protected":false},"featured_media":216876,"comment_status":"open","ping_status":"closed","template":"","meta":{"_acf_changed":false},"product_brand":[14012],"product_cat":[14006,13959],"product_tag":[],"class_list":{"0":"post-216875","1":"product","2":"type-product","3":"status-publish","4":"has-post-thumbnail","6":"product_brand-stamina","7":"product_cat-acc-merchandising","8":"product_cat-mr-tecnologia","9":"tm-no-options","11":"first","12":"instock","13":"taxable","14":"shipping-taxable","15":"product-type-variable"},"acf":[],"_links":{"self":[{"href":"https:\/\/grupotextil.es\/ca\/wp-json\/wp\/v2\/product\/216875","targetHints":{"allow":["GET"]}}],"collection":[{"href":"https:\/\/grupotextil.es\/ca\/wp-json\/wp\/v2\/product"}],"about":[{"href":"https:\/\/grupotextil.es\/ca\/wp-json\/wp\/v2\/types\/product"}],"replies":[{"embeddable":true,"href":"https:\/\/grupotextil.es\/ca\/wp-json\/wp\/v2\/comments?post=216875"}],"wp:featuredmedia":[{"embeddable":true,"href":"https:\/\/grupotextil.es\/ca\/wp-json\/wp\/v2\/media\/216876"}],"wp:attachment":[{"href":"https:\/\/grupotextil.es\/ca\/wp-json\/wp\/v2\/media?parent=216875"}],"wp:term":[{"taxonomy":"product_brand","embeddable":true,"href":"https:\/\/grupotextil.es\/ca\/wp-json\/wp\/v2\/product_brand?post=216875"},{"taxonomy":"product_cat","embeddable":true,"href":"https:\/\/grupotextil.es\/ca\/wp-json\/wp\/v2\/product_cat?post=216875"},{"taxonomy":"product_tag","embeddable":true,"href":"https:\/\/grupotextil.es\/ca\/wp-json\/wp\/v2\/product_tag?post=216875"}],"curies":[{"name":"wp","href":"https:\/\/api.w.org\/{rel}","templated":true}]}}