{"id":216882,"date":"2026-03-04T03:38:02","date_gmt":"2026-03-04T02:38:02","guid":{"rendered":"https:\/\/grupotextil.es\/producto\/espejo-plegable-stamina-santis-1143\/"},"modified":"2026-03-04T06:15:24","modified_gmt":"2026-03-04T05:15:24","slug":"espejo-plegable-stamina-santis-1143","status":"publish","type":"product","link":"https:\/\/grupotextil.es\/ca\/product\/espejo-plegable-stamina-santis-1143\/","title":{"rendered":"Espejo Plegable Stamina Santis 1143"},"content":{"rendered":"<p>Espejo plegable de bolsillo elaborado en corcho natural con acabados en metal cromado, una opci\u00f3n elegante y sostenible. Este espejo tiene un dise\u00f1o cuadrado y compacto, perfecto para bolsos, bolsillos o neceseres. Compuesto por un espejo normal y un espejo de aumento, brindando una imagen ampliada para detalles m\u00e1s precisos. Una opci\u00f3n m\u00e1s versatilidad en su uso.<\/p>","protected":false},"excerpt":{"rendered":"<p>Espejo plegable de bolsillo elaborado en corcho natural con acabados en metal cromado, una opci\u00f3n elegante y sostenible. Este espejo tiene un dise\u00f1o cuadrado y compacto, perfecto para bolsos, bolsillos o neceseres. Compuesto por un espejo normal y un espejo de aumento, brindando una imagen ampliada para detalles m\u00e1s precisos. Una opci\u00f3n m\u00e1s versatilidad en su uso.<\/p>","protected":false},"featured_media":216883,"comment_status":"open","ping_status":"closed","template":"","meta":{"_acf_changed":false},"product_brand":[14012],"product_cat":[13973],"product_tag":[],"class_list":{"0":"post-216882","1":"product","2":"type-product","3":"status-publish","4":"has-post-thumbnail","6":"product_brand-stamina","7":"product_cat-ropa","8":"tm-no-options","10":"first","11":"instock","12":"taxable","13":"shipping-taxable","14":"product-type-variable"},"acf":[],"_links":{"self":[{"href":"https:\/\/grupotextil.es\/ca\/wp-json\/wp\/v2\/product\/216882","targetHints":{"allow":["GET"]}}],"collection":[{"href":"https:\/\/grupotextil.es\/ca\/wp-json\/wp\/v2\/product"}],"about":[{"href":"https:\/\/grupotextil.es\/ca\/wp-json\/wp\/v2\/types\/product"}],"replies":[{"embeddable":true,"href":"https:\/\/grupotextil.es\/ca\/wp-json\/wp\/v2\/comments?post=216882"}],"wp:featuredmedia":[{"embeddable":true,"href":"https:\/\/grupotextil.es\/ca\/wp-json\/wp\/v2\/media\/216883"}],"wp:attachment":[{"href":"https:\/\/grupotextil.es\/ca\/wp-json\/wp\/v2\/media?parent=216882"}],"wp:term":[{"taxonomy":"product_brand","embeddable":true,"href":"https:\/\/grupotextil.es\/ca\/wp-json\/wp\/v2\/product_brand?post=216882"},{"taxonomy":"product_cat","embeddable":true,"href":"https:\/\/grupotextil.es\/ca\/wp-json\/wp\/v2\/product_cat?post=216882"},{"taxonomy":"product_tag","embeddable":true,"href":"https:\/\/grupotextil.es\/ca\/wp-json\/wp\/v2\/product_tag?post=216882"}],"curies":[{"name":"wp","href":"https:\/\/api.w.org\/{rel}","templated":true}]}}