{"id":216913,"date":"2026-03-04T03:38:33","date_gmt":"2026-03-04T02:38:33","guid":{"rendered":"https:\/\/grupotextil.es\/producto\/carpeta-multifuncion-con-cargador-inalambrico-y-bloc-de-notas-stamina-samper-1184\/"},"modified":"2026-03-04T06:15:24","modified_gmt":"2026-03-04T05:15:24","slug":"carpeta-multifuncion-con-cargador-inalambrico-y-bloc-de-notas-stamina-samper-1184","status":"publish","type":"product","link":"https:\/\/grupotextil.es\/ca\/product\/carpeta-multifuncion-con-cargador-inalambrico-y-bloc-de-notas-stamina-samper-1184\/","title":{"rendered":"Carpeta Multifunci\u00f3n con Cargador Inal\u00e1mbrico y Bloc de Notas Stamina Samper 1184"},"content":{"rendered":"<p>La carpeta A5 multifunci\u00f3n de RPET 300D, con cierre magn\u00e9tico. Cuenta con un cargador inal\u00e1mbrico incorporado en la tapa, lo que permite cargar dispositivos compatibles con tecnolog\u00eda inal\u00e1mbrica. En el interior se encuentra un bloc de notas extra\u00edble de 56 hojas y un compartimento para tu m\u00f3vil. Incluye un tarjetero y un soporte para el m\u00f3vil, adem\u00e1s de un soporte para bol\u00edgrafo y un cable con 3 entradas (tipo C y salida USB).<\/p>","protected":false},"excerpt":{"rendered":"<p>La carpeta A5 multifunci\u00f3n de RPET 300D, con cierre magn\u00e9tico. Cuenta con un cargador inal\u00e1mbrico incorporado en la tapa, lo que permite cargar dispositivos compatibles con tecnolog\u00eda inal\u00e1mbrica. En el interior se encuentra un bloc de notas extra\u00edble de 56 hojas y un compartimento para tu m\u00f3vil. Incluye un tarjetero y un soporte para el m\u00f3vil, adem\u00e1s de un soporte para bol\u00edgrafo y un cable con 3 entradas (tipo C y salida USB).<\/p>","protected":false},"featured_media":216914,"comment_status":"open","ping_status":"closed","template":"","meta":{"_acf_changed":false},"product_brand":[14012],"product_cat":[14006,13972],"product_tag":[],"class_list":{"0":"post-216913","1":"product","2":"type-product","3":"status-publish","4":"has-post-thumbnail","6":"product_brand-stamina","7":"product_cat-acc-merchandising","8":"product_cat-oficina-y-escritura","9":"tm-no-options","11":"first","12":"instock","13":"taxable","14":"shipping-taxable","15":"product-type-variable"},"acf":[],"_links":{"self":[{"href":"https:\/\/grupotextil.es\/ca\/wp-json\/wp\/v2\/product\/216913","targetHints":{"allow":["GET"]}}],"collection":[{"href":"https:\/\/grupotextil.es\/ca\/wp-json\/wp\/v2\/product"}],"about":[{"href":"https:\/\/grupotextil.es\/ca\/wp-json\/wp\/v2\/types\/product"}],"replies":[{"embeddable":true,"href":"https:\/\/grupotextil.es\/ca\/wp-json\/wp\/v2\/comments?post=216913"}],"wp:featuredmedia":[{"embeddable":true,"href":"https:\/\/grupotextil.es\/ca\/wp-json\/wp\/v2\/media\/216914"}],"wp:attachment":[{"href":"https:\/\/grupotextil.es\/ca\/wp-json\/wp\/v2\/media?parent=216913"}],"wp:term":[{"taxonomy":"product_brand","embeddable":true,"href":"https:\/\/grupotextil.es\/ca\/wp-json\/wp\/v2\/product_brand?post=216913"},{"taxonomy":"product_cat","embeddable":true,"href":"https:\/\/grupotextil.es\/ca\/wp-json\/wp\/v2\/product_cat?post=216913"},{"taxonomy":"product_tag","embeddable":true,"href":"https:\/\/grupotextil.es\/ca\/wp-json\/wp\/v2\/product_tag?post=216913"}],"curies":[{"name":"wp","href":"https:\/\/api.w.org\/{rel}","templated":true}]}}