{"id":216931,"date":"2026-03-04T03:38:59","date_gmt":"2026-03-04T02:38:59","guid":{"rendered":"https:\/\/grupotextil.es\/producto\/auriculares-inalambricos-abs-reciclado-y-bambu-stamina-sonus-1075\/"},"modified":"2026-03-04T06:15:24","modified_gmt":"2026-03-04T05:15:24","slug":"auriculares-inalambricos-abs-reciclado-y-bambu-stamina-sonus-1075","status":"publish","type":"product","link":"https:\/\/grupotextil.es\/ca\/product\/auriculares-inalambricos-abs-reciclado-y-bambu-stamina-sonus-1075\/","title":{"rendered":"Auriculares Inal\u00e1mbricos ABS Reciclado y Bamb\u00fa Stamina Sonus 1075"},"content":{"rendered":"<p>Auriculares inal\u00e1mbricos elaborados en materiales sostenibles: ABS reciclado y detalles en bamb\u00fa. Con acolchado superior y almohadillas en polipiel suave. Cuenta con panel de control para el modo reproducci\u00f3n y llamadas y funci\u00f3n manos libres, con micr\u00f3fono integrado. Adem\u00e1s, permite contestar llamadas mediante el panel de control. Con funci\u00f3n manos libres, mediante conexi\u00f3n Bluetooth y botones multifunci\u00f3n integrados. Con reproducci\u00f3n de audio mediante conexi\u00f3n Bluetooth, tarjeta MicroSD o cable Jack para entrada de audio externa.<\/p>","protected":false},"excerpt":{"rendered":"<p>Auriculares inal\u00e1mbricos elaborados en materiales sostenibles: ABS reciclado y detalles en bamb\u00fa. Con acolchado superior y almohadillas en polipiel suave. Cuenta con panel de control para el modo reproducci\u00f3n y llamadas y funci\u00f3n manos libres, con micr\u00f3fono integrado. Adem\u00e1s, permite contestar llamadas mediante el panel de control. Con funci\u00f3n manos libres, mediante conexi\u00f3n Bluetooth y botones multifunci\u00f3n integrados. Con reproducci\u00f3n de audio mediante conexi\u00f3n Bluetooth, tarjeta MicroSD o cable Jack para entrada de audio externa.<\/p>","protected":false},"featured_media":216932,"comment_status":"open","ping_status":"closed","template":"","meta":{"_acf_changed":false},"product_brand":[14012],"product_cat":[14006,13959],"product_tag":[],"class_list":{"0":"post-216931","1":"product","2":"type-product","3":"status-publish","4":"has-post-thumbnail","6":"product_brand-stamina","7":"product_cat-acc-merchandising","8":"product_cat-mr-tecnologia","9":"tm-no-options","11":"first","12":"instock","13":"taxable","14":"shipping-taxable","15":"product-type-variable"},"acf":[],"_links":{"self":[{"href":"https:\/\/grupotextil.es\/ca\/wp-json\/wp\/v2\/product\/216931","targetHints":{"allow":["GET"]}}],"collection":[{"href":"https:\/\/grupotextil.es\/ca\/wp-json\/wp\/v2\/product"}],"about":[{"href":"https:\/\/grupotextil.es\/ca\/wp-json\/wp\/v2\/types\/product"}],"replies":[{"embeddable":true,"href":"https:\/\/grupotextil.es\/ca\/wp-json\/wp\/v2\/comments?post=216931"}],"wp:featuredmedia":[{"embeddable":true,"href":"https:\/\/grupotextil.es\/ca\/wp-json\/wp\/v2\/media\/216932"}],"wp:attachment":[{"href":"https:\/\/grupotextil.es\/ca\/wp-json\/wp\/v2\/media?parent=216931"}],"wp:term":[{"taxonomy":"product_brand","embeddable":true,"href":"https:\/\/grupotextil.es\/ca\/wp-json\/wp\/v2\/product_brand?post=216931"},{"taxonomy":"product_cat","embeddable":true,"href":"https:\/\/grupotextil.es\/ca\/wp-json\/wp\/v2\/product_cat?post=216931"},{"taxonomy":"product_tag","embeddable":true,"href":"https:\/\/grupotextil.es\/ca\/wp-json\/wp\/v2\/product_tag?post=216931"}],"curies":[{"name":"wp","href":"https:\/\/api.w.org\/{rel}","templated":true}]}}