{"id":216938,"date":"2026-03-04T03:39:11","date_gmt":"2026-03-04T02:39:11","guid":{"rendered":"https:\/\/grupotextil.es\/producto\/llavero-de-fieltro-reciclado-stamina-gonax-1145\/"},"modified":"2026-03-04T06:15:24","modified_gmt":"2026-03-04T05:15:24","slug":"llavero-de-fieltro-reciclado-stamina-gonax-1145","status":"publish","type":"product","link":"https:\/\/grupotextil.es\/ca\/product\/llavero-de-fieltro-reciclado-stamina-gonax-1145\/","title":{"rendered":"Llavero de Fieltro Reciclado Stamina Gonax 1145"},"content":{"rendered":"<p>Llavero rectangular elaborado con fieltro reciclado suave al tacto, con dise\u00f1o vigor\u00e9, pr\u00e1ctico y sostenible para llevar tus llaves. Con ojal reforzado con material met\u00e1lico. Incluye anilla.<\/p>\n<p>&nbsp;<\/p>","protected":false},"excerpt":{"rendered":"<p>Llavero rectangular elaborado con fieltro reciclado suave al tacto, con dise\u00f1o vigor\u00e9, pr\u00e1ctico y sostenible para llevar tus llaves. Con ojal reforzado con material met\u00e1lico. Incluye anilla.<\/p>\n<p>&nbsp;<\/p>","protected":false},"featured_media":216939,"comment_status":"open","ping_status":"closed","template":"","meta":{"_acf_changed":false},"product_brand":[14012],"product_cat":[9841],"product_tag":[],"class_list":{"0":"post-216938","1":"product","2":"type-product","3":"status-publish","4":"has-post-thumbnail","6":"product_brand-stamina","7":"product_cat-sostenible","8":"tm-no-options","10":"first","11":"instock","12":"taxable","13":"shipping-taxable","14":"product-type-variable"},"acf":[],"_links":{"self":[{"href":"https:\/\/grupotextil.es\/ca\/wp-json\/wp\/v2\/product\/216938","targetHints":{"allow":["GET"]}}],"collection":[{"href":"https:\/\/grupotextil.es\/ca\/wp-json\/wp\/v2\/product"}],"about":[{"href":"https:\/\/grupotextil.es\/ca\/wp-json\/wp\/v2\/types\/product"}],"replies":[{"embeddable":true,"href":"https:\/\/grupotextil.es\/ca\/wp-json\/wp\/v2\/comments?post=216938"}],"wp:featuredmedia":[{"embeddable":true,"href":"https:\/\/grupotextil.es\/ca\/wp-json\/wp\/v2\/media\/216939"}],"wp:attachment":[{"href":"https:\/\/grupotextil.es\/ca\/wp-json\/wp\/v2\/media?parent=216938"}],"wp:term":[{"taxonomy":"product_brand","embeddable":true,"href":"https:\/\/grupotextil.es\/ca\/wp-json\/wp\/v2\/product_brand?post=216938"},{"taxonomy":"product_cat","embeddable":true,"href":"https:\/\/grupotextil.es\/ca\/wp-json\/wp\/v2\/product_cat?post=216938"},{"taxonomy":"product_tag","embeddable":true,"href":"https:\/\/grupotextil.es\/ca\/wp-json\/wp\/v2\/product_tag?post=216938"}],"curies":[{"name":"wp","href":"https:\/\/api.w.org\/{rel}","templated":true}]}}