{"id":216950,"date":"2026-03-04T03:39:25","date_gmt":"2026-03-04T02:39:25","guid":{"rendered":"https:\/\/grupotextil.es\/producto\/llavero-de-bambu-stamina-duplex-1148\/"},"modified":"2026-03-04T06:15:24","modified_gmt":"2026-03-04T05:15:24","slug":"llavero-de-bambu-stamina-duplex-1148","status":"publish","type":"product","link":"https:\/\/grupotextil.es\/ca\/product\/llavero-de-bambu-stamina-duplex-1148\/","title":{"rendered":"Llavero de Bamb\u00fa Stamina Duplex 1148"},"content":{"rendered":"<p>Llavero en forma de casa elaborado en bamb\u00fa con acabado de metal, elegante y sostenible para llevar tus llaves con estilo. La forma de casa le agrega un toque \u00fanico y simb\u00f3lico, ideal para quienes aprecian el concepto de hogar.<\/p>","protected":false},"excerpt":{"rendered":"<p>Llavero en forma de casa elaborado en bamb\u00fa con acabado de metal, elegante y sostenible para llevar tus llaves con estilo. La forma de casa le agrega un toque \u00fanico y simb\u00f3lico, ideal para quienes aprecian el concepto de hogar.<\/p>","protected":false},"featured_media":216951,"comment_status":"open","ping_status":"closed","template":"","meta":{"_acf_changed":false},"product_brand":[14012],"product_cat":[13960,14006],"product_tag":[],"class_list":{"0":"post-216950","1":"product","2":"type-product","3":"status-publish","4":"has-post-thumbnail","6":"product_brand-stamina","7":"product_cat-mr-llaveros","8":"product_cat-acc-merchandising","9":"tm-no-options","11":"first","12":"instock","13":"taxable","14":"shipping-taxable","15":"product-type-variable"},"acf":[],"_links":{"self":[{"href":"https:\/\/grupotextil.es\/ca\/wp-json\/wp\/v2\/product\/216950","targetHints":{"allow":["GET"]}}],"collection":[{"href":"https:\/\/grupotextil.es\/ca\/wp-json\/wp\/v2\/product"}],"about":[{"href":"https:\/\/grupotextil.es\/ca\/wp-json\/wp\/v2\/types\/product"}],"replies":[{"embeddable":true,"href":"https:\/\/grupotextil.es\/ca\/wp-json\/wp\/v2\/comments?post=216950"}],"wp:featuredmedia":[{"embeddable":true,"href":"https:\/\/grupotextil.es\/ca\/wp-json\/wp\/v2\/media\/216951"}],"wp:attachment":[{"href":"https:\/\/grupotextil.es\/ca\/wp-json\/wp\/v2\/media?parent=216950"}],"wp:term":[{"taxonomy":"product_brand","embeddable":true,"href":"https:\/\/grupotextil.es\/ca\/wp-json\/wp\/v2\/product_brand?post=216950"},{"taxonomy":"product_cat","embeddable":true,"href":"https:\/\/grupotextil.es\/ca\/wp-json\/wp\/v2\/product_cat?post=216950"},{"taxonomy":"product_tag","embeddable":true,"href":"https:\/\/grupotextil.es\/ca\/wp-json\/wp\/v2\/product_tag?post=216950"}],"curies":[{"name":"wp","href":"https:\/\/api.w.org\/{rel}","templated":true}]}}