{"id":216960,"date":"2026-03-04T03:39:37","date_gmt":"2026-03-04T02:39:37","guid":{"rendered":"https:\/\/grupotextil.es\/producto\/estuche-para-botella-de-vino-stamina-bordel-1138\/"},"modified":"2026-03-04T06:15:25","modified_gmt":"2026-03-04T05:15:25","slug":"estuche-para-botella-de-vino-stamina-bordel-1138","status":"publish","type":"product","link":"https:\/\/grupotextil.es\/ca\/product\/estuche-para-botella-de-vino-stamina-bordel-1138\/","title":{"rendered":"Estuche para Botella de Vino Stamina Bordel 1138"},"content":{"rendered":"<p>El estuche para botella de vino elaborado de madera es el complemento perfecto para transportar y presentar la botella de vino de manera elegante. Fabricado con madera, este estuche ofrece una protecci\u00f3n segura y un aspecto sofisticado.<\/p>\n<p>El estuche cuenta con un dise\u00f1o especial que incluye un set de vinos presentado en la tapa. Este set est\u00e1 compuesto por accesorios de acero inoxidable, como un sacacorchos con cortac\u00e1psulas, un dosificador, un tap\u00f3n y un recogegotas. Estos elementos brindan todas las herramientas necesarias para abrir y disfrutar la botella de vino con facilidad.<\/p>\n<p>El interior del estuche est\u00e1 acolchado para garantizar la seguridad y estabilidad de la botella durante el transporte. Adem\u00e1s, la madera utilizada en su fabricaci\u00f3n ofrece una protecci\u00f3n adicional contra impactos y cambios de temperatura.<\/p>\n<p>Esta presentaci\u00f3n tambi\u00e9n lo convierte en un regalo ideal para los amantes del vino y las experiencias vin\u00edcolas.<\/p>","protected":false},"excerpt":{"rendered":"<p>El estuche para botella de vino elaborado de madera es el complemento perfecto para transportar y presentar la botella de vino de manera elegante. Fabricado con madera, este estuche ofrece una protecci\u00f3n segura y un aspecto sofisticado.<\/p>\n<p>El estuche cuenta con un dise\u00f1o especial que incluye un set de vinos presentado en la tapa. Este set est\u00e1 compuesto por accesorios de acero inoxidable, como un sacacorchos con cortac\u00e1psulas, un dosificador, un tap\u00f3n y un recogegotas. Estos elementos brindan todas las herramientas necesarias para abrir y disfrutar la botella de vino con facilidad.<\/p>\n<p>El interior del estuche est\u00e1 acolchado para garantizar la seguridad y estabilidad de la botella durante el transporte. Adem\u00e1s, la madera utilizada en su fabricaci\u00f3n ofrece una protecci\u00f3n adicional contra impactos y cambios de temperatura.<\/p>\n<p>Esta presentaci\u00f3n tambi\u00e9n lo convierte en un regalo ideal para los amantes del vino y las experiencias vin\u00edcolas.<\/p>","protected":false},"featured_media":216961,"comment_status":"open","ping_status":"closed","template":"","meta":{"_acf_changed":false},"product_brand":[14012],"product_cat":[14006,13971],"product_tag":[],"class_list":{"0":"post-216960","1":"product","2":"type-product","3":"status-publish","4":"has-post-thumbnail","6":"product_brand-stamina","7":"product_cat-acc-merchandising","8":"product_cat-mr-tazas","9":"tm-no-options","11":"first","12":"instock","13":"taxable","14":"shipping-taxable","15":"product-type-variable"},"acf":[],"_links":{"self":[{"href":"https:\/\/grupotextil.es\/ca\/wp-json\/wp\/v2\/product\/216960","targetHints":{"allow":["GET"]}}],"collection":[{"href":"https:\/\/grupotextil.es\/ca\/wp-json\/wp\/v2\/product"}],"about":[{"href":"https:\/\/grupotextil.es\/ca\/wp-json\/wp\/v2\/types\/product"}],"replies":[{"embeddable":true,"href":"https:\/\/grupotextil.es\/ca\/wp-json\/wp\/v2\/comments?post=216960"}],"wp:featuredmedia":[{"embeddable":true,"href":"https:\/\/grupotextil.es\/ca\/wp-json\/wp\/v2\/media\/216961"}],"wp:attachment":[{"href":"https:\/\/grupotextil.es\/ca\/wp-json\/wp\/v2\/media?parent=216960"}],"wp:term":[{"taxonomy":"product_brand","embeddable":true,"href":"https:\/\/grupotextil.es\/ca\/wp-json\/wp\/v2\/product_brand?post=216960"},{"taxonomy":"product_cat","embeddable":true,"href":"https:\/\/grupotextil.es\/ca\/wp-json\/wp\/v2\/product_cat?post=216960"},{"taxonomy":"product_tag","embeddable":true,"href":"https:\/\/grupotextil.es\/ca\/wp-json\/wp\/v2\/product_tag?post=216960"}],"curies":[{"name":"wp","href":"https:\/\/api.w.org\/{rel}","templated":true}]}}