{"id":216989,"date":"2026-03-04T03:40:19","date_gmt":"2026-03-04T02:40:19","guid":{"rendered":"https:\/\/grupotextil.es\/producto\/boligrafo-stamina-tansa-1078\/"},"modified":"2026-03-04T06:15:25","modified_gmt":"2026-03-04T05:15:25","slug":"boligrafo-stamina-tansa-1078","status":"publish","type":"product","link":"https:\/\/grupotextil.es\/ca\/product\/boligrafo-stamina-tansa-1078\/","title":{"rendered":"Bol\u00edgrafo Stamina Tansa 1078"},"content":{"rendered":"<p>Exclusivo bol\u00edgrafo con pulsador de bamb\u00fa y cuerpo de aluminio reciclado en acabado mate. Con clip en color gris mate y detalle transparente. Con carga jumbo de tinta azul.<\/p>","protected":false},"excerpt":{"rendered":"<p>Exclusivo bol\u00edgrafo con pulsador de bamb\u00fa y cuerpo de aluminio reciclado en acabado mate. Con clip en color gris mate y detalle transparente. Con carga jumbo de tinta azul.<\/p>","protected":false},"featured_media":216990,"comment_status":"open","ping_status":"closed","template":"","meta":{"_acf_changed":false},"product_brand":[14012],"product_cat":[14006,13972],"product_tag":[],"class_list":{"0":"post-216989","1":"product","2":"type-product","3":"status-publish","4":"has-post-thumbnail","6":"product_brand-stamina","7":"product_cat-acc-merchandising","8":"product_cat-oficina-y-escritura","9":"tm-no-options","11":"first","12":"instock","13":"taxable","14":"shipping-taxable","15":"product-type-variable"},"acf":[],"_links":{"self":[{"href":"https:\/\/grupotextil.es\/ca\/wp-json\/wp\/v2\/product\/216989","targetHints":{"allow":["GET"]}}],"collection":[{"href":"https:\/\/grupotextil.es\/ca\/wp-json\/wp\/v2\/product"}],"about":[{"href":"https:\/\/grupotextil.es\/ca\/wp-json\/wp\/v2\/types\/product"}],"replies":[{"embeddable":true,"href":"https:\/\/grupotextil.es\/ca\/wp-json\/wp\/v2\/comments?post=216989"}],"wp:featuredmedia":[{"embeddable":true,"href":"https:\/\/grupotextil.es\/ca\/wp-json\/wp\/v2\/media\/216990"}],"wp:attachment":[{"href":"https:\/\/grupotextil.es\/ca\/wp-json\/wp\/v2\/media?parent=216989"}],"wp:term":[{"taxonomy":"product_brand","embeddable":true,"href":"https:\/\/grupotextil.es\/ca\/wp-json\/wp\/v2\/product_brand?post=216989"},{"taxonomy":"product_cat","embeddable":true,"href":"https:\/\/grupotextil.es\/ca\/wp-json\/wp\/v2\/product_cat?post=216989"},{"taxonomy":"product_tag","embeddable":true,"href":"https:\/\/grupotextil.es\/ca\/wp-json\/wp\/v2\/product_tag?post=216989"}],"curies":[{"name":"wp","href":"https:\/\/api.w.org\/{rel}","templated":true}]}}