{"id":217031,"date":"2026-03-04T03:40:54","date_gmt":"2026-03-04T02:40:54","guid":{"rendered":"https:\/\/grupotextil.es\/producto\/boligrafo-stamina-dekel-1246\/"},"modified":"2026-03-04T06:15:25","modified_gmt":"2026-03-04T05:15:25","slug":"boligrafo-stamina-dekel-1246","status":"publish","type":"product","link":"https:\/\/grupotextil.es\/ca\/product\/boligrafo-stamina-dekel-1246\/","title":{"rendered":"Bol\u00edgrafo Stamina Dekel 1246"},"content":{"rendered":"<p>El bol\u00edgrafo de metal con empu\u00f1adura de bamb\u00fa y detalles cromados. Cuenta con puntero t\u00e1ctil para interactuar con dispositivos de pantalla t\u00e1ctil, como smartphone o tablets. Tinta azul.<\/p>","protected":false},"excerpt":{"rendered":"<p>El bol\u00edgrafo de metal con empu\u00f1adura de bamb\u00fa y detalles cromados. Cuenta con puntero t\u00e1ctil para interactuar con dispositivos de pantalla t\u00e1ctil, como smartphone o tablets. Tinta azul.<\/p>","protected":false},"featured_media":217032,"comment_status":"open","ping_status":"closed","template":"","meta":{"_acf_changed":false},"product_brand":[14012],"product_cat":[14006,13972],"product_tag":[],"class_list":{"0":"post-217031","1":"product","2":"type-product","3":"status-publish","4":"has-post-thumbnail","6":"product_brand-stamina","7":"product_cat-acc-merchandising","8":"product_cat-oficina-y-escritura","9":"tm-no-options","11":"first","12":"instock","13":"taxable","14":"shipping-taxable","15":"product-type-variable"},"acf":[],"_links":{"self":[{"href":"https:\/\/grupotextil.es\/ca\/wp-json\/wp\/v2\/product\/217031","targetHints":{"allow":["GET"]}}],"collection":[{"href":"https:\/\/grupotextil.es\/ca\/wp-json\/wp\/v2\/product"}],"about":[{"href":"https:\/\/grupotextil.es\/ca\/wp-json\/wp\/v2\/types\/product"}],"replies":[{"embeddable":true,"href":"https:\/\/grupotextil.es\/ca\/wp-json\/wp\/v2\/comments?post=217031"}],"wp:featuredmedia":[{"embeddable":true,"href":"https:\/\/grupotextil.es\/ca\/wp-json\/wp\/v2\/media\/217032"}],"wp:attachment":[{"href":"https:\/\/grupotextil.es\/ca\/wp-json\/wp\/v2\/media?parent=217031"}],"wp:term":[{"taxonomy":"product_brand","embeddable":true,"href":"https:\/\/grupotextil.es\/ca\/wp-json\/wp\/v2\/product_brand?post=217031"},{"taxonomy":"product_cat","embeddable":true,"href":"https:\/\/grupotextil.es\/ca\/wp-json\/wp\/v2\/product_cat?post=217031"},{"taxonomy":"product_tag","embeddable":true,"href":"https:\/\/grupotextil.es\/ca\/wp-json\/wp\/v2\/product_tag?post=217031"}],"curies":[{"name":"wp","href":"https:\/\/api.w.org\/{rel}","templated":true}]}}