{"id":217040,"date":"2026-03-04T03:41:00","date_gmt":"2026-03-04T02:41:00","guid":{"rendered":"https:\/\/grupotextil.es\/producto\/bolsa-de-fieltro-reciclado-rpet-stamina-carola-1137\/"},"modified":"2026-03-04T06:15:25","modified_gmt":"2026-03-04T05:15:25","slug":"bolsa-de-fieltro-reciclado-rpet-stamina-carola-1137","status":"publish","type":"product","link":"https:\/\/grupotextil.es\/ca\/product\/bolsa-de-fieltro-reciclado-rpet-stamina-carola-1137\/","title":{"rendered":"Bolsa de Fieltro Reciclado RPET Stamina Carola 1137"},"content":{"rendered":"<p>Bolsa realizada en fieltro reciclado con dise\u00f1o vigor\u00e9, perfecta para llevar tus pertenencias de manera pr\u00e1ctica y respetuosa con el medio ambiente. Cuenta con asas reforzadas de 70 cm que la convierten en una opci\u00f3n c\u00f3moda y sostenible para transportar tus pertenencias.<\/p>","protected":false},"excerpt":{"rendered":"<p>Bolsa realizada en fieltro reciclado con dise\u00f1o vigor\u00e9, perfecta para llevar tus pertenencias de manera pr\u00e1ctica y respetuosa con el medio ambiente. Cuenta con asas reforzadas de 70 cm que la convierten en una opci\u00f3n c\u00f3moda y sostenible para transportar tus pertenencias.<\/p>","protected":false},"featured_media":217041,"comment_status":"open","ping_status":"closed","template":"","meta":{"_acf_changed":false},"product_brand":[14012],"product_cat":[13954],"product_tag":[],"class_list":{"0":"post-217040","1":"product","2":"type-product","3":"status-publish","4":"has-post-thumbnail","6":"product_brand-stamina","7":"product_cat-acc-bolsas-y-mochilas","8":"tm-no-options","10":"first","11":"instock","12":"taxable","13":"shipping-taxable","14":"product-type-variable"},"acf":[],"_links":{"self":[{"href":"https:\/\/grupotextil.es\/ca\/wp-json\/wp\/v2\/product\/217040","targetHints":{"allow":["GET"]}}],"collection":[{"href":"https:\/\/grupotextil.es\/ca\/wp-json\/wp\/v2\/product"}],"about":[{"href":"https:\/\/grupotextil.es\/ca\/wp-json\/wp\/v2\/types\/product"}],"replies":[{"embeddable":true,"href":"https:\/\/grupotextil.es\/ca\/wp-json\/wp\/v2\/comments?post=217040"}],"wp:featuredmedia":[{"embeddable":true,"href":"https:\/\/grupotextil.es\/ca\/wp-json\/wp\/v2\/media\/217041"}],"wp:attachment":[{"href":"https:\/\/grupotextil.es\/ca\/wp-json\/wp\/v2\/media?parent=217040"}],"wp:term":[{"taxonomy":"product_brand","embeddable":true,"href":"https:\/\/grupotextil.es\/ca\/wp-json\/wp\/v2\/product_brand?post=217040"},{"taxonomy":"product_cat","embeddable":true,"href":"https:\/\/grupotextil.es\/ca\/wp-json\/wp\/v2\/product_cat?post=217040"},{"taxonomy":"product_tag","embeddable":true,"href":"https:\/\/grupotextil.es\/ca\/wp-json\/wp\/v2\/product_tag?post=217040"}],"curies":[{"name":"wp","href":"https:\/\/api.w.org\/{rel}","templated":true}]}}